{"id":2217,"date":"2026-01-08T04:11:12","date_gmt":"2026-01-08T03:11:12","guid":{"rendered":"https:\/\/ceramikawanat.pl\/wordpress\/?post_type=product&#038;p=2217"},"modified":"2026-03-07T11:42:44","modified_gmt":"2026-03-07T10:42:44","slug":"warsztaty-witrazu-pitaki","status":"publish","type":"product","link":"https:\/\/ceramikawanat.pl\/wordpress\/produkt\/warsztaty-witrazu-pitaki\/","title":{"rendered":"Warsztaty witra\u017cu -pit\u0105ki"},"content":{"rendered":"<p data-start=\"42\" data-end=\"93\"><strong data-start=\"45\" data-end=\"91\">Witra\u017cowe Impresje w karnawa\u0142owym nastroju<\/strong><\/p>\n<p data-start=\"94\" data-end=\"151\">warsztaty z <strong data-start=\"110\" data-end=\"151\"><span class=\"hover:entity-accent entity-underline inline cursor-pointer align-baseline\"><span class=\"whitespace-normal\">Agnieszka Mi\u0119ta Zawal<\/span><\/span><\/strong><\/p>\n<p data-start=\"153\" data-end=\"342\">Zapraszamy na wyj\u0105tkowe warsztaty witra\u017cowe prowadzone przez cenion\u0105 pozna\u0144sk\u0105 artystk\u0119. To spotkanie ze szk\u0142em, kolorem i \u015bwiat\u0142em \u2013 w tw\u00f3rczej, kameralnej atmosferze Stolarni w Swarz\u0119dzu.<\/p>\n<hr data-start=\"344\" data-end=\"347\" \/>\n<p data-start=\"349\" data-end=\"379\"><strong data-start=\"356\" data-end=\"379\">Proponowane terminy pi\u0105ki i soboty\u00a0<\/strong><\/p>\n<ul data-start=\"380\" data-end=\"438\">\n<li data-start=\"380\" data-end=\"399\">\n<p data-start=\"382\" data-end=\"399\"><strong data-start=\"382\" data-end=\"397\">16 stycznia lub 17 stycznia 2026<\/strong><\/p>\n<\/li>\n<li data-start=\"400\" data-end=\"417\">\n<p data-start=\"402\" data-end=\"417\"><strong data-start=\"402\" data-end=\"415\">13 lutego lub 14 lutego 2026<\/strong><\/p>\n<\/li>\n<li data-start=\"418\" data-end=\"438\">\n<p data-start=\"420\" data-end=\"438\"><strong data-start=\"420\" data-end=\"438\">13 marca\u00a0 lub 14 marca 2026<\/strong><\/p>\n<\/li>\n<\/ul>\n<p data-start=\"440\" data-end=\"457\"><strong data-start=\"446\" data-end=\"457\">Godziny<\/strong><\/p>\n<ul data-start=\"458\" data-end=\"495\">\n<li data-start=\"458\" data-end=\"477\">\n<p data-start=\"460\" data-end=\"477\"><strong data-start=\"460\" data-end=\"475\">16:00\u201319:00 lub d\u0142u\u017cej\u00a0\u00a0<\/strong><\/p>\n<\/li>\n<\/ul>\n<p data-start=\"497\" data-end=\"515\"><strong data-start=\"504\" data-end=\"515\">Miejsce<\/strong><\/p>\n<p data-start=\"516\" data-end=\"680\"><strong data-start=\"516\" data-end=\"557\"><span class=\"hover:entity-accent entity-underline inline cursor-pointer align-baseline\"><span class=\"whitespace-normal\">Stolarnia. Pracownia Dzia\u0142a\u0144 Tw\u00f3rczych Ewa Wanat<\/span><\/span><\/strong><br data-start=\"557\" data-end=\"560\" \/>Swarz\u0119dz, ul. Rynek 21<br data-start=\"582\" data-end=\"585\" \/>Centrum miasta \u00b7 \u0142atwy dojazd \u00b7 blisko stacja kolejowa i p\u0119tla autobusowa \u00b7 <strong data-start=\"661\" data-end=\"680\">darmowy parking<\/strong><\/p>\n<hr data-start=\"682\" data-end=\"685\" \/>\n<p data-start=\"687\" data-end=\"712\">\ud83d\udd25 <strong data-start=\"693\" data-end=\"712\">Dlaczego warto?<\/strong><\/p>\n<p data-start=\"713\" data-end=\"898\">Pracujesz z profesjonalnym szk\u0142em w technice Tiffany\u2019ego, pod okiem do\u015bwiadczonej artystki. Wyjdziesz z <strong data-start=\"817\" data-end=\"843\">gotow\u0105, autorsk\u0105 prac\u0105<\/strong>, kt\u00f3ra stanie si\u0119 wyj\u0105tkow\u0105 ozdob\u0105 wn\u0119trza lub ro\u015blin.<\/p>\n<hr data-start=\"900\" data-end=\"903\" \/>\n<p data-start=\"905\" data-end=\"948\"><strong data-start=\"911\" data-end=\"948\">Dwa warianty warsztat\u00f3w do wyboru<\/strong><\/p>\n<p data-start=\"950\" data-end=\"994\"><strong data-start=\"954\" data-end=\"994\">1\ufe0f\u20e3 Dla pocz\u0105tkuj\u0105cych | 16.00\u201319.00<\/strong><\/p>\n<ul data-start=\"995\" data-end=\"1181\">\n<li data-start=\"995\" data-end=\"1028\">\n<p data-start=\"997\" data-end=\"1028\">podstawy techniki Tiffany\u2019ego<\/p>\n<\/li>\n<li data-start=\"1029\" data-end=\"1069\">\n<p data-start=\"1031\" data-end=\"1069\">ci\u0119cie, szlifowanie i \u0142\u0105czenie szk\u0142a<\/p>\n<\/li>\n<li data-start=\"1070\" data-end=\"1135\">\n<p data-start=\"1072\" data-end=\"1135\">wykonanie <strong data-start=\"1082\" data-end=\"1133\">szklanego kwiatu lub drobnej formy dekoracyjnej<\/strong><\/p>\n<\/li>\n<li data-start=\"1136\" data-end=\"1181\">\n<p data-start=\"1138\" data-end=\"1181\">idealna ozdoba do doniczki lub na parapet<\/p>\n<\/li>\n<\/ul>\n<p data-start=\"1183\" data-end=\"1234\"><strong data-start=\"1187\" data-end=\"1234\">2\ufe0f\u20e3 Dla os\u00f3b z do\u015bwiadczeniem | sobota\u00a0 12.00\u201317:00<\/strong><\/p>\n<ul data-start=\"1235\" data-end=\"1541\">\n<li data-start=\"1235\" data-end=\"1282\">\n<p data-start=\"1237\" data-end=\"1282\">rozszerzony program i d\u0142u\u017csza praca tw\u00f3rcza<\/p>\n<\/li>\n<li data-start=\"1283\" data-end=\"1338\">\n<p data-start=\"1285\" data-end=\"1338\">projektowanie i wykonanie <strong data-start=\"1311\" data-end=\"1336\">kompozycji 20 \u00d7 20 cm<\/strong><\/p>\n<\/li>\n<li data-start=\"1339\" data-end=\"1380\">\n<p data-start=\"1341\" data-end=\"1380\">forma do wyboru: <strong data-start=\"1358\" data-end=\"1378\">ko\u0142o lub kwadrat<\/strong><\/p>\n<\/li>\n<li data-start=\"1381\" data-end=\"1454\">\n<p data-start=\"1383\" data-end=\"1454\">realizacja <strong data-start=\"1394\" data-end=\"1414\">w\u0142asnego pomys\u0142u<\/strong> z indywidualnym wsparciem prowadz\u0105cej<\/p>\n<\/li>\n<li data-start=\"1455\" data-end=\"1507\">\n<p data-start=\"1457\" data-end=\"1507\"><strong data-start=\"1457\" data-end=\"1486\">przerwa na kaw\u0119 i herbat\u0119<\/strong> w mi\u0142ej atmosferze<\/p>\n<\/li>\n<li data-start=\"1508\" data-end=\"1541\">\n<p data-start=\"1510\" data-end=\"1541\">mo\u017cliwo\u015b\u0107 <strong data-start=\"1520\" data-end=\"1541\">zam\u00f3wienia obiadu<\/strong><\/p>\n<\/li>\n<\/ul>\n<hr data-start=\"1543\" data-end=\"1546\" \/>\n<p data-start=\"1548\" data-end=\"1571\">\ud83d\udcb0 <strong data-start=\"1554\" data-end=\"1571\">Koszt udzia\u0142u<\/strong><\/p>\n<ul data-start=\"1572\" data-end=\"1632\">\n<li data-start=\"1572\" data-end=\"1602\">\n<p data-start=\"1574\" data-end=\"1602\"><strong data-start=\"1574\" data-end=\"1587\">3 godziny<\/strong> \u2013 <strong data-start=\"1590\" data-end=\"1600\">230 z\u0142<\/strong><\/p>\n<\/li>\n<li data-start=\"1603\" data-end=\"1632\">\n<p data-start=\"1605\" data-end=\"1632\"><strong data-start=\"1605\" data-end=\"1617\">6 godzin<\/strong> \u2013 <strong data-start=\"1620\" data-end=\"1630\">450 z\u0142<\/strong><\/p>\n<\/li>\n<\/ul>\n<p data-start=\"1634\" data-end=\"1707\">\ud83d\udca1 Cena obejmuje <strong data-start=\"1651\" data-end=\"1706\">wszystkie materia\u0142y, narz\u0119dzia oraz opiek\u0119 artystki<\/strong>.<\/p>\n<p data-start=\"1709\" data-end=\"1830\">\u2618\ufe0f <strong data-start=\"1712\" data-end=\"1751\">Zosta\u0142o tylko kilka wolnych miejsc!<\/strong><br data-start=\"1751\" data-end=\"1754\" \/>Zarezerwuj swoje miejsce i wprowad\u017a do wn\u0119trza <strong data-start=\"1801\" data-end=\"1828\">odrobin\u0119 szklanej magii<\/strong> \u2728<\/p>\n<hr data-start=\"1832\" data-end=\"1835\" \/>\n<p data-start=\"1837\" data-end=\"1853\">\ud83d\udcde <strong data-start=\"1843\" data-end=\"1853\">Zapisy<\/strong><\/p>\n<p data-start=\"1854\" data-end=\"1963\"><strong data-start=\"1854\" data-end=\"1874\">tel. 501 428 903<\/strong><br data-start=\"1874\" data-end=\"1877\" \/>Prosimy o podanie <strong data-start=\"1895\" data-end=\"1917\">imienia i nazwiska<\/strong>, <strong data-start=\"1919\" data-end=\"1940\">wybranego terminu<\/strong> oraz has\u0142a: <strong data-start=\"1953\" data-end=\"1963\">WITRA\u017b<\/strong><\/p>\n","protected":false},"excerpt":{"rendered":"<p>Witra\u017cowe Impresje w karnawa\u0142owym nastroju warsztaty z Agnieszka Mi\u0119ta Zawal Zapraszamy na wyj\u0105tkowe warsztaty witra\u017cowe prowadzone przez cenion\u0105 pozna\u0144sk\u0105 artystk\u0119. To spotkanie ze szk\u0142em, kolorem i \u015bwiat\u0142em \u2013 w tw\u00f3rczej, kameralnej atmosferze Stolarni w Swarz\u0119dzu. Proponowane terminy pi\u0105ki i soboty\u00a0 16 stycznia lub 17 stycznia 2026 13 lutego lub 14 lutego 2026 13 marca\u00a0 lub &hellip;<\/p>\n<p class=\"read-more\"> <a class=\"\" href=\"https:\/\/ceramikawanat.pl\/wordpress\/produkt\/warsztaty-witrazu-pitaki\/\"> <span class=\"screen-reader-text\">Warsztaty witra\u017cu -pit\u0105ki<\/span> Read More &raquo;<\/a><\/p>\n","protected":false},"featured_media":0,"comment_status":"open","ping_status":"closed","template":"","meta":{"site-sidebar-layout":"default","site-content-layout":"default","ast-global-header-display":"","ast-banner-title-visibility":"","ast-main-header-display":"","ast-hfb-above-header-display":"","ast-hfb-below-header-display":"","ast-hfb-mobile-header-display":"","site-post-title":"","ast-breadcrumbs-content":"","ast-featured-img":"","footer-sml-layout":"","theme-transparent-header-meta":"default","adv-header-id-meta":"","stick-header-meta":"","header-above-stick-meta":"","header-main-stick-meta":"","header-below-stick-meta":""},"product_brand":[],"product_cat":[15],"product_tag":[],"class_list":{"0":"post-2217","1":"product","2":"type-product","3":"status-publish","5":"product_cat-bez-kategorii","6":"desktop-align-left","7":"tablet-align-left","8":"mobile-align-left","10":"first","11":"instock","12":"taxable","13":"shipping-taxable","14":"product-type-simple"},"_links":{"self":[{"href":"https:\/\/ceramikawanat.pl\/wordpress\/wp-json\/wp\/v2\/product\/2217","targetHints":{"allow":["GET"]}}],"collection":[{"href":"https:\/\/ceramikawanat.pl\/wordpress\/wp-json\/wp\/v2\/product"}],"about":[{"href":"https:\/\/ceramikawanat.pl\/wordpress\/wp-json\/wp\/v2\/types\/product"}],"replies":[{"embeddable":true,"href":"https:\/\/ceramikawanat.pl\/wordpress\/wp-json\/wp\/v2\/comments?post=2217"}],"wp:attachment":[{"href":"https:\/\/ceramikawanat.pl\/wordpress\/wp-json\/wp\/v2\/media?parent=2217"}],"wp:term":[{"taxonomy":"product_brand","embeddable":true,"href":"https:\/\/ceramikawanat.pl\/wordpress\/wp-json\/wp\/v2\/product_brand?post=2217"},{"taxonomy":"product_cat","embeddable":true,"href":"https:\/\/ceramikawanat.pl\/wordpress\/wp-json\/wp\/v2\/product_cat?post=2217"},{"taxonomy":"product_tag","embeddable":true,"href":"https:\/\/ceramikawanat.pl\/wordpress\/wp-json\/wp\/v2\/product_tag?post=2217"}],"curies":[{"name":"wp","href":"https:\/\/api.w.org\/{rel}","templated":true}]}}