{"id":47,"date":"2023-02-17T23:51:26","date_gmt":"2023-02-17T22:51:26","guid":{"rendered":"http:\/\/ceramikawanat.pl\/wordpress\/?page_id=47"},"modified":"2026-01-09T16:48:26","modified_gmt":"2026-01-09T15:48:26","slug":"aktualnosci","status":"publish","type":"page","link":"https:\/\/ceramikawanat.pl\/wordpress\/aktualnosci\/","title":{"rendered":"Aktualno\u015bci"},"content":{"rendered":"\t\t<div data-elementor-type=\"wp-page\" data-elementor-id=\"47\" class=\"elementor elementor-47\">\n\t\t\t\t\t\t<section class=\"elementor-section elementor-top-section elementor-element elementor-element-7757acb elementor-section-content-middle elementor-section-boxed elementor-section-height-default elementor-section-height-default\" data-id=\"7757acb\" data-element_type=\"section\" data-e-type=\"section\" data-settings=\"{&quot;background_background&quot;:&quot;classic&quot;}\">\n\t\t\t\t\t\t\t<div class=\"elementor-background-overlay\"><\/div>\n\t\t\t\t\t\t\t<div class=\"elementor-container elementor-column-gap-wide\">\n\t\t\t\t\t<div class=\"elementor-column elementor-col-100 elementor-top-column elementor-element elementor-element-f0c5ec5\" data-id=\"f0c5ec5\" data-element_type=\"column\" data-e-type=\"column\">\n\t\t\t<div class=\"elementor-widget-wrap elementor-element-populated\">\n\t\t\t\t\t\t<div class=\"elementor-element elementor-element-58b3f7b elementor-widget elementor-widget-heading\" data-id=\"58b3f7b\" data-element_type=\"widget\" data-e-type=\"widget\" data-widget_type=\"heading.default\">\n\t\t\t\t<div class=\"elementor-widget-container\">\n\t\t\t\t\t<h2 class=\"elementor-heading-title elementor-size-default\">Aktualno\u015bci<\/h2>\t\t\t\t<\/div>\n\t\t\t\t<\/div>\n\t\t\t\t\t<\/div>\n\t\t<\/div>\n\t\t\t\t\t<\/div>\n\t\t<\/section>\n\t\t\t\t<section class=\"elementor-section elementor-top-section elementor-element elementor-element-4d927d5 elementor-section-boxed elementor-section-height-default elementor-section-height-default\" data-id=\"4d927d5\" data-element_type=\"section\" data-e-type=\"section\">\n\t\t\t\t\t\t<div class=\"elementor-container elementor-column-gap-default\">\n\t\t\t\t\t<div class=\"elementor-column elementor-col-100 elementor-top-column elementor-element elementor-element-63313b3\" data-id=\"63313b3\" data-element_type=\"column\" data-e-type=\"column\">\n\t\t\t<div class=\"elementor-widget-wrap elementor-element-populated\">\n\t\t\t\t\t\t<div class=\"elementor-element elementor-element-41fa663 elementor-widget elementor-widget-lps\" data-id=\"41fa663\" data-element_type=\"widget\" data-e-type=\"widget\" data-widget_type=\"lps.default\">\n\t\t\t\t<div class=\"elementor-widget-container\">\n\t\t\t\t\t\t\t<div class=\"elementor-shortcode\"><section class=\"latest-post-selection three-columns as-column has-shadow has-radius hover-zoom content-space-between has-img-spacing ver2\" id=\"lps-103332ea9799abe1df0c135ba8316fc5\" style=\"\" role=\"list\"><article class=\"post-2212 post type-post status-publish format-standard hentry category-bez-kategorii has-link\" data-lps-id=\"2212\" role=\"listitem\"><div class=\"article__info\"><h3 class=\"article__title item-title-tag\"><a href=\"https:\/\/ceramikawanat.pl\/wordpress\/spedz-z-nami-milo-czas\/\" title=\"Sp\u0119d\u017a z nami mi\u0142o czas\" class=\"article__link main-link\">Sp\u0119d\u017a z nami mi\u0142o czas<\/a><\/h3><div class=\"article__text item-text\"><\/div><span class=\"article__read-more read-more\">Poka\u017c wi\u0119cej \u279e<\/span><\/div><\/article><article class=\"post-1460 post type-post status-publish format-standard has-post-thumbnail hentry category-bez-kategorii has-link\" data-lps-id=\"1460\" role=\"listitem\"><figure class=\"article__image\"><img loading=\"lazy\" decoding=\"async\" src=\"https:\/\/ceramikawanat.pl\/wordpress\/wp-content\/uploads\/2026\/01\/STOLARNIA-Swarzedz-ul.-Rynek-21-300x251.jpg\" class=\"lps-tile-main-image lps-custom-medium\" loading=\"lazy\" alt=\"FERIE !!!! 2026 dla dzieci od 6 lat  i starszej m\u0142odzie\u017cy\" width=\"300\" height=\"251\" srcset=\"https:\/\/ceramikawanat.pl\/wordpress\/wp-content\/uploads\/2026\/01\/STOLARNIA-Swarzedz-ul.-Rynek-21-300x251.jpg 300w, https:\/\/ceramikawanat.pl\/wordpress\/wp-content\/uploads\/2026\/01\/STOLARNIA-Swarzedz-ul.-Rynek-21-768x644.jpg 768w, https:\/\/ceramikawanat.pl\/wordpress\/wp-content\/uploads\/2026\/01\/STOLARNIA-Swarzedz-ul.-Rynek-21-14x12.jpg 14w, https:\/\/ceramikawanat.pl\/wordpress\/wp-content\/uploads\/2026\/01\/STOLARNIA-Swarzedz-ul.-Rynek-21-600x503.jpg 600w, https:\/\/ceramikawanat.pl\/wordpress\/wp-content\/uploads\/2026\/01\/STOLARNIA-Swarzedz-ul.-Rynek-21.jpg 940w\"><\/figure><div class=\"article__info\"><h3 class=\"article__title item-title-tag\"><a href=\"https:\/\/ceramikawanat.pl\/wordpress\/ferie-zimowe\/\" title=\"FERIE !!!! 2026 dla dzieci od 6 lat  i starszej m\u0142odzie\u017cy\" class=\"article__link main-link\">FERIE !!!! 2026 dla dzieci od 6 lat  i starszej m\u0142odzie\u017cy<\/a><\/h3><div class=\"article__text item-text\"><p>Wakacyjne Poranki- to<\/p>\n<\/div><span class=\"article__read-more read-more\">Poka\u017c wi\u0119cej \u279e<\/span><\/div><\/article><\/section><div class=\"clear\"><\/div><\/div>\n\t\t\t\t\t\t<\/div>\n\t\t\t\t<\/div>\n\t\t\t\t\t<\/div>\n\t\t<\/div>\n\t\t\t\t\t<\/div>\n\t\t<\/section>\n\t\t\t\t<\/div>\n\t\t","protected":false},"excerpt":{"rendered":"<p>Aktualno\u015bci<\/p>\n","protected":false},"author":1,"featured_media":0,"parent":0,"menu_order":0,"comment_status":"closed","ping_status":"closed","template":"","meta":{"site-sidebar-layout":"no-sidebar","site-content-layout":"page-builder","ast-global-header-display":"","ast-banner-title-visibility":"","ast-main-header-display":"","ast-hfb-above-header-display":"","ast-hfb-below-header-display":"","ast-hfb-mobile-header-display":"","site-post-title":"disabled","ast-breadcrumbs-content":"","ast-featured-img":"disabled","footer-sml-layout":"","theme-transparent-header-meta":"","adv-header-id-meta":"","stick-header-meta":"","header-above-stick-meta":"","header-main-stick-meta":"","header-below-stick-meta":"","footnotes":""},"class_list":["post-47","page","type-page","status-publish","hentry"],"_links":{"self":[{"href":"https:\/\/ceramikawanat.pl\/wordpress\/wp-json\/wp\/v2\/pages\/47","targetHints":{"allow":["GET"]}}],"collection":[{"href":"https:\/\/ceramikawanat.pl\/wordpress\/wp-json\/wp\/v2\/pages"}],"about":[{"href":"https:\/\/ceramikawanat.pl\/wordpress\/wp-json\/wp\/v2\/types\/page"}],"author":[{"embeddable":true,"href":"https:\/\/ceramikawanat.pl\/wordpress\/wp-json\/wp\/v2\/users\/1"}],"replies":[{"embeddable":true,"href":"https:\/\/ceramikawanat.pl\/wordpress\/wp-json\/wp\/v2\/comments?post=47"}],"version-history":[{"count":65,"href":"https:\/\/ceramikawanat.pl\/wordpress\/wp-json\/wp\/v2\/pages\/47\/revisions"}],"predecessor-version":[{"id":2243,"href":"https:\/\/ceramikawanat.pl\/wordpress\/wp-json\/wp\/v2\/pages\/47\/revisions\/2243"}],"wp:attachment":[{"href":"https:\/\/ceramikawanat.pl\/wordpress\/wp-json\/wp\/v2\/media?parent=47"}],"curies":[{"name":"wp","href":"https:\/\/api.w.org\/{rel}","templated":true}]}}