{"id":37,"date":"2023-02-17T23:50:08","date_gmt":"2023-02-17T22:50:08","guid":{"rendered":"http:\/\/ceramikawanat.pl\/wordpress\/?page_id=37"},"modified":"2023-05-30T15:10:11","modified_gmt":"2023-05-30T13:10:11","slug":"historia-pracowni","status":"publish","type":"page","link":"https:\/\/ceramikawanat.pl\/wordpress\/historia-pracowni\/","title":{"rendered":"Historia pracowni"},"content":{"rendered":"\t\t<div data-elementor-type=\"wp-page\" data-elementor-id=\"37\" class=\"elementor elementor-37\">\n\t\t\t\t\t\t<section class=\"elementor-section elementor-top-section elementor-element elementor-element-74806bf7 elementor-section-content-middle elementor-section-boxed elementor-section-height-default elementor-section-height-default\" data-id=\"74806bf7\" data-element_type=\"section\" data-e-type=\"section\" data-settings=\"{&quot;background_background&quot;:&quot;classic&quot;}\">\n\t\t\t\t\t\t\t<div class=\"elementor-background-overlay\"><\/div>\n\t\t\t\t\t\t\t<div class=\"elementor-container elementor-column-gap-wide\">\n\t\t\t\t\t<div class=\"elementor-column elementor-col-100 elementor-top-column elementor-element elementor-element-1c39a58\" data-id=\"1c39a58\" data-element_type=\"column\" data-e-type=\"column\">\n\t\t\t<div class=\"elementor-widget-wrap elementor-element-populated\">\n\t\t\t\t\t\t<div class=\"elementor-element elementor-element-3c57628 elementor-invisible elementor-widget elementor-widget-heading\" data-id=\"3c57628\" data-element_type=\"widget\" data-e-type=\"widget\" data-settings=\"{&quot;_animation&quot;:&quot;fadeIn&quot;,&quot;_animation_delay&quot;:100}\" data-widget_type=\"heading.default\">\n\t\t\t\t<div class=\"elementor-widget-container\">\n\t\t\t\t\t<h2 class=\"elementor-heading-title elementor-size-default\">Historia pracowni<\/h2>\t\t\t\t<\/div>\n\t\t\t\t<\/div>\n\t\t\t\t\t<\/div>\n\t\t<\/div>\n\t\t\t\t\t<\/div>\n\t\t<\/section>\n\t\t\t\t<section class=\"elementor-section elementor-top-section elementor-element elementor-element-601b6bf elementor-section-boxed elementor-section-height-default elementor-section-height-default\" data-id=\"601b6bf\" data-element_type=\"section\" data-e-type=\"section\">\n\t\t\t\t\t\t<div class=\"elementor-container elementor-column-gap-default\">\n\t\t\t\t\t<div class=\"elementor-column elementor-col-100 elementor-top-column elementor-element elementor-element-63209d0\" data-id=\"63209d0\" data-element_type=\"column\" data-e-type=\"column\">\n\t\t\t<div class=\"elementor-widget-wrap elementor-element-populated\">\n\t\t\t\t\t\t<div class=\"elementor-element elementor-element-c6a1353 elementor-widget elementor-widget-text-editor\" data-id=\"c6a1353\" data-element_type=\"widget\" data-e-type=\"widget\" data-widget_type=\"text-editor.default\">\n\t\t\t\t<div class=\"elementor-widget-container\">\n\t\t\t\t\t\t\t\t\t<h3><span style=\"color: #000000;\"><strong>Wszystko zacz\u0119\u0142o si\u0119 od rze\u017aby..<\/strong><\/span><\/h3><h5><span style=\"font-weight: 400; color: #4f4f4f;\">Uko\u0144czy\u0142am studia na wydziale Malarstwa, Grafiki i Rze\u017aby na Akademii Sztuk Pi\u0119knych w Poznaniu, zosta\u0142am\u00a0 autork\u0105 ma\u0142ych form rze\u017abiarskich wykonywanych w technice wosku traconego, rze\u017ab plenerowych i pomnikowych, zajmowa\u0142am si\u0119 r\u00f3wnie\u017c projektowaniem wn\u0119trz oraz animacj\u0105 kultury i sztuki. P\u00f3\u017aniej okaza\u0142o si\u0119, \u017ce drug\u0105 moj\u0105 mi\u0142o\u015bci\u0105 jest praca z lud\u017ami. Przez jaki\u015b czas pracowa\u0142am w pracowniach terapii zaj\u0119ciowej. Tam zobaczy\u0142am jakie mo\u017cliwo\u015bci daje ceramika i praca w glinie.<\/span><\/h5><h5><span style=\"color: #4f4f4f;\"><span style=\"font-weight: 400;\">Pracowni\u0119 ceramiki i rze\u017aby w Swarz\u0119dzu prowadz\u0119 ponad 20 lat. <\/span><span style=\"font-weight: 400;\"><br \/><\/span><span style=\"font-weight: 400;\">Od 2017 roku w nowym miejscu w Swarz\u0119dzu w centrum miasta, Rynek 21 powstaje Pracownia Dzia\u0142a\u0144 Tw\u00f3rczych w kt\u00f3rych opr\u00f3cz ceramiki, rze\u017aby prowadzone s\u0105 zaj\u0119cia\u00a0 z rysunku, malarstwa, grafiki oraz\u00a0 r\u0119kodzie\u0142a.\u00a0<\/span><\/span><\/h5><h5><span style=\"font-weight: 400; color: #4f4f4f;\">Pierwotnie pracownia\u00a0 mia\u0142a by\u0107 jedynie miejscem realizowania mojej dzia\u0142alno\u015bci artystycznej, w praktyce okaza\u0142o si\u0119, \u017ce jest to miejsce kt\u00f3re skupia wok\u00f3\u0142 siebie dzieci, m\u0142odzie\u017c oraz doros\u0142ych pragn\u0105cych do\u015bwiadczy\u0107 magii tw\u00f3rczej.<\/span><\/h5><h5><span style=\"font-weight: 400; color: #4f4f4f;\">Pracownia posiada bowiem sw\u00f3j niepowtarzalny i jedyny w swoim\u00a0 rodzaju klimat, do czego przyczyniaj\u0105 si\u0119 r\u00f3wnie\u017c \u201eprzewijaj\u0105cy si\u0119\u201d przez pracowni\u0119 ludzie, bowiem r\u00f3\u017cnorodne do\u015bwiadczenia buduj\u0105 atmosfer\u0119 tego miejsca.<\/span><\/h5><h5><span style=\"font-weight: 400; color: #4f4f4f;\">Program warsztat\u00f3w ma na celu wszechstronny rozw\u00f3j osobowo\u015bci, kszta\u0142towanie zdolno\u015bci manualnych i umiej\u0119tno\u015bci pos\u0142ugiwania \u015brodkami plastycznymi oraz stymulowania proces\u00f3w wyobra\u017ani\u00a0 i tw\u00f3rczego dzia\u0142ania.<\/span><\/h5><h5><span style=\"font-weight: 400; color: #4f4f4f;\">Zaj\u0119cia daj\u0105 mo\u017cliwo\u015b\u0107 \u0142\u0105czenia ze sob\u0105 r\u00f3\u017cnych dziedzin sztuki i pokazuj\u0105,\u00a0 \u017ce stanowi\u0105 one ca\u0142o\u015b\u0107, a dla uczestnik\u00f3w s\u0105 \u017ar\u00f3d\u0142em wyra\u017cenia w\u0142asnej osobowo\u015bci.<\/span><\/h5><h5><span style=\"font-weight: 400; color: #4f4f4f;\">Opr\u00f3cz pe\u0142nego i profesjonalnego wyposa\u017cenia, tj. nowoczesnego pieca ceramicznego, ko\u0142a garncarskiego, dobrej jako\u015bci gliny, szerokiego wyboru szkliw, zapewniamy r\u00f3wnie\u017c wysoko wykwalifikowan\u0105 kadr\u0119 instruktorsk\u0105.<\/span><\/h5><h5><span style=\"font-weight: 400; color: #4f4f4f;\">Z pracowni\u0105 wsp\u00f3\u0142pracuj\u0105 do\u015bwiadczeni animatorzy kultury, a tak\u017ce arty\u015bci rze\u017abiarze, graficy, plastycy a tak\u017ce tw\u00f3rcy pe\u0142ni pasji.<\/span><\/h5>\t\t\t\t\t\t\t\t<\/div>\n\t\t\t\t<\/div>\n\t\t\t\t\t<\/div>\n\t\t<\/div>\n\t\t\t\t\t<\/div>\n\t\t<\/section>\n\t\t\t\t<\/div>\n\t\t","protected":false},"excerpt":{"rendered":"<p>Historia pracowni Wszystko zacz\u0119\u0142o si\u0119 od rze\u017aby.. Uko\u0144czy\u0142am studia na wydziale Malarstwa, Grafiki i Rze\u017aby na Akademii Sztuk Pi\u0119knych w Poznaniu, zosta\u0142am\u00a0 autork\u0105 ma\u0142ych form rze\u017abiarskich wykonywanych w technice wosku traconego, rze\u017ab plenerowych i pomnikowych, zajmowa\u0142am si\u0119 r\u00f3wnie\u017c projektowaniem wn\u0119trz oraz animacj\u0105 kultury i sztuki. P\u00f3\u017aniej okaza\u0142o si\u0119, \u017ce drug\u0105 moj\u0105 mi\u0142o\u015bci\u0105 jest praca z &hellip;<\/p>\n<p class=\"read-more\"> <a class=\"\" href=\"https:\/\/ceramikawanat.pl\/wordpress\/historia-pracowni\/\"> <span class=\"screen-reader-text\">Historia pracowni<\/span> Read More &raquo;<\/a><\/p>\n","protected":false},"author":1,"featured_media":0,"parent":0,"menu_order":0,"comment_status":"closed","ping_status":"closed","template":"","meta":{"site-sidebar-layout":"no-sidebar","site-content-layout":"page-builder","ast-global-header-display":"","ast-banner-title-visibility":"","ast-main-header-display":"","ast-hfb-above-header-display":"","ast-hfb-below-header-display":"","ast-hfb-mobile-header-display":"","site-post-title":"disabled","ast-breadcrumbs-content":"","ast-featured-img":"disabled","footer-sml-layout":"","theme-transparent-header-meta":"","adv-header-id-meta":"","stick-header-meta":"","header-above-stick-meta":"","header-main-stick-meta":"","header-below-stick-meta":"","footnotes":""},"class_list":["post-37","page","type-page","status-publish","hentry"],"_links":{"self":[{"href":"https:\/\/ceramikawanat.pl\/wordpress\/wp-json\/wp\/v2\/pages\/37","targetHints":{"allow":["GET"]}}],"collection":[{"href":"https:\/\/ceramikawanat.pl\/wordpress\/wp-json\/wp\/v2\/pages"}],"about":[{"href":"https:\/\/ceramikawanat.pl\/wordpress\/wp-json\/wp\/v2\/types\/page"}],"author":[{"embeddable":true,"href":"https:\/\/ceramikawanat.pl\/wordpress\/wp-json\/wp\/v2\/users\/1"}],"replies":[{"embeddable":true,"href":"https:\/\/ceramikawanat.pl\/wordpress\/wp-json\/wp\/v2\/comments?post=37"}],"version-history":[{"count":65,"href":"https:\/\/ceramikawanat.pl\/wordpress\/wp-json\/wp\/v2\/pages\/37\/revisions"}],"predecessor-version":[{"id":1829,"href":"https:\/\/ceramikawanat.pl\/wordpress\/wp-json\/wp\/v2\/pages\/37\/revisions\/1829"}],"wp:attachment":[{"href":"https:\/\/ceramikawanat.pl\/wordpress\/wp-json\/wp\/v2\/media?parent=37"}],"curies":[{"name":"wp","href":"https:\/\/api.w.org\/{rel}","templated":true}]}}