{"id":3,"date":"2022-11-17T23:36:34","date_gmt":"2022-11-17T22:36:34","guid":{"rendered":"http:\/\/ceramikawanat.pl\/wordpress\/?page_id=3"},"modified":"2023-05-30T15:18:01","modified_gmt":"2023-05-30T13:18:01","slug":"polityka-prywatnosci","status":"publish","type":"page","link":"https:\/\/ceramikawanat.pl\/wordpress\/polityka-prywatnosci\/","title":{"rendered":"Polityka prywatno\u015bci strony internetowej"},"content":{"rendered":"\t\t<div data-elementor-type=\"wp-page\" data-elementor-id=\"3\" class=\"elementor elementor-3\">\n\t\t\t\t\t\t<section class=\"elementor-section elementor-top-section elementor-element elementor-element-45a1509 elementor-section-content-middle elementor-section-full_width elementor-section-stretched elementor-section-height-default elementor-section-height-default\" data-id=\"45a1509\" data-element_type=\"section\" data-e-type=\"section\" data-settings=\"{&quot;background_background&quot;:&quot;classic&quot;,&quot;stretch_section&quot;:&quot;section-stretched&quot;}\">\n\t\t\t\t\t\t\t<div class=\"elementor-background-overlay\"><\/div>\n\t\t\t\t\t\t\t<div class=\"elementor-container elementor-column-gap-default\">\n\t\t\t\t\t<div class=\"elementor-column elementor-col-100 elementor-top-column elementor-element elementor-element-150e0a4\" data-id=\"150e0a4\" data-element_type=\"column\" data-e-type=\"column\">\n\t\t\t<div class=\"elementor-widget-wrap elementor-element-populated\">\n\t\t\t\t\t\t<div class=\"elementor-element elementor-element-e9985f7 elementor-widget elementor-widget-heading\" data-id=\"e9985f7\" data-element_type=\"widget\" data-e-type=\"widget\" data-widget_type=\"heading.default\">\n\t\t\t\t<div class=\"elementor-widget-container\">\n\t\t\t\t\t<h2 class=\"elementor-heading-title elementor-size-default\">Polityka Prywatno\u015bci strony internetowej<\/h2>\t\t\t\t<\/div>\n\t\t\t\t<\/div>\n\t\t\t\t<div class=\"elementor-element elementor-element-540191a elementor-widget elementor-widget-heading\" data-id=\"540191a\" data-element_type=\"widget\" data-e-type=\"widget\" data-widget_type=\"heading.default\">\n\t\t\t\t<div class=\"elementor-widget-container\">\n\t\t\t\t\t<h2 class=\"elementor-heading-title elementor-size-default\">https:\/\/www.ceramikawanat.pl<span style=\"font-style: inherit;font-family: var( --e-global-typography-primary-font-family ), Sans-serif\"><\/span><\/h2>\t\t\t\t<\/div>\n\t\t\t\t<\/div>\n\t\t\t\t\t<\/div>\n\t\t<\/div>\n\t\t\t\t\t<\/div>\n\t\t<\/section>\n\t\t\t\t<section class=\"elementor-section elementor-top-section elementor-element elementor-element-50055ef8 elementor-section-boxed elementor-section-height-default elementor-section-height-default\" data-id=\"50055ef8\" data-element_type=\"section\" data-e-type=\"section\">\n\t\t\t\t\t\t<div class=\"elementor-container elementor-column-gap-default\">\n\t\t\t\t\t<div class=\"elementor-column elementor-col-100 elementor-top-column elementor-element elementor-element-6c961521\" data-id=\"6c961521\" data-element_type=\"column\" data-e-type=\"column\">\n\t\t\t<div class=\"elementor-widget-wrap elementor-element-populated\">\n\t\t\t\t\t\t<div class=\"elementor-element elementor-element-41e89dee elementor-widget elementor-widget-text-editor\" data-id=\"41e89dee\" data-element_type=\"widget\" data-e-type=\"widget\" data-widget_type=\"text-editor.default\">\n\t\t\t\t<div class=\"elementor-widget-container\">\n\t\t\t\t\t\t\t\t\t<ol style=\"font-size: 15px; font-style: normal; margin: 0px 0px 1.5em 3em; padding: 0px; color: #4b4f58; font-family: -apple-system, BlinkMacSystemFont, 'Segoe UI', Roboto, Oxygen-Sans, Ubuntu, Cantarell, 'Helvetica Neue', sans-serif;\">\n<li style=\"font-size: 15px;\">\n<h4 style=\"font-weight: inherit; font-size: 1.33333rem; line-height: 1.5;\">POSTANOWIENIA OG\u00d3LNE<\/h4>\n<ol style=\"font-size: 15px; margin: 0px 0px 0px 1.5em; padding: 0px;\">\n<li style=\"font-size: 15px;\">Administratorem danych osobowych zbieranych za po\u015brednictwem strony internetowej <b>https:\/\/www.ceramikawanat.pl<\/b>&nbsp;jest&nbsp;<span style=\"font-weight: bold;\">Ewa Wanat&nbsp;<\/span>wykonuj\u0105cy\/a dzia\u0142alno\u015b\u0107 gospodarcz\u0105 pod firm\u0105 <b>Pracownia Artystyczna Ceramiki i Rze\u017aby<\/b><span style=\"font-weight: bold;\">&nbsp;Ewa Wanat&nbsp;<\/span>wpisan\u0105 do Centralnej Ewidencji i Informacji o Dzia\u0142alno\u015bci Gospodarczej Rzeczypospolitej Polskiej prowadzonej przez ministra w\u0142a\u015bciwego do spraw gospodarki, miejsce wykonywania dzia\u0142alno\u015bci: ul. Rynek 23\/1, 62-020 Swarz\u0119dz , adres do dor\u0119cze\u0144: ul. Rynek 23\/1, 62-020 Swarz\u0119dz, NIP: 7771319039, REGON: 300679330, adres poczty elektronicznej (e-mail): autowanat@poczta.onet.pl, zwany\/a dalej &#8222;Administratorem&#8221;.<\/li>\n<li style=\"font-weight: 400; font-size: 15px;\">Dane osobowe zbierane przez Administratora za po\u015brednictwem strony internetowej s\u0105 przetwarzane zgodnie z&nbsp;Rozporz\u0105dzeniem Parlamentu Europejskiego i&nbsp;Rady (UE) 2016\/679 z&nbsp;dnia 27 kwietnia 2016 r. w&nbsp;sprawie ochrony os\u00f3b fizycznych w&nbsp;zwi\u0105zku z&nbsp;przetwarzaniem danych osobowych i&nbsp;w sprawie swobodnego przep\u0142ywu takich danych oraz uchylenia dyrektywy 95\/46\/WE (og\u00f3lne rozporz\u0105dzenie o&nbsp;ochronie danych), zwane dalej RODO oraz ustaw\u0105 o ochronie danych osobowych z dnia 10 maja 2018 r.<\/li>\n<\/ol>\n<\/li>\n<li style=\"font-size: 15px;\">\n<h4 style=\"font-weight: inherit; font-size: 1.33333rem; line-height: 1.5;\">RODZAJ PRZETWARZANYCH DANYCH OSOBOWYCH, CEL I ZAKRES ZBIERANIA DANYCH<\/h4>\n<ol style=\"font-size: 15px; margin: 0px 0px 0px 1.5em; padding: 0px;\">\n<li style=\"font-size: 15px;\"><span style=\"font-weight: bold;\">CEL PRZETWARZANIA I PODSTAWA PRAWNA.<\/span>&nbsp;Administrator przetwarza dane osobowe za po\u015brednictwem strony <b>https:\/\/www.ceramikawanat.pl<\/b> w przypadku:<br><ol style=\"font-weight: 400; font-size: 15px; margin: 0px 0px 0px 1.5em; padding: 0px; list-style-type: lower-alpha;\">\n<li style=\"font-size: 15px;\">skorzystania przez u\u017cytkownika z formularza kontaktowego. Dane osobowe s\u0105 przetwarzane na podstawie art. 6 ust. 1 lit. f) RODO jako prawnie usprawiedliwiony interes Administratora.<\/li>\n<li style=\"font-size: 15px;\">zapisania si\u0119 przez u\u017cytkownika do Newslettera w celu przesy\u0142ania informacji handlowych drog\u0105 elektroniczn\u0105. Dane osobowe s\u0105 przetwarzane po wyra\u017ceniu odr\u0119bnej zgody, na podstawie art. 6 ust. 1 lit. a) RODO.<\/li>\n<\/ol>\n<\/li>\n<li style=\"font-weight: 400; font-size: 15px;\"><span style=\"font-weight: bold;\">RODZAJ PRZETWARZANYCH DANYCH OSOBOWYCH.&nbsp;<\/span>Administrator przetwarza nast\u0119puj\u0105ce kategorie danych osobowych u\u017cytkownika:<br><ol style=\"font-size: 15px; margin: 0px 0px 0px 1.5em; padding: 0px; list-style-type: lower-alpha;\">\n<li style=\"font-size: 15px;\">Imi\u0119 i nazwisko,<\/li>\n<li style=\"font-size: 15px;\">Data urodzenia,<\/li>\n<li style=\"font-size: 15px;\">Adres (zamieszkania),<\/li>\n<li style=\"font-size: 15px;\">Adres e-mail,<\/li>\n<li style=\"font-size: 15px;\">Numer telefonu,<\/li>\n<li style=\"font-size: 15px;\">NIP<\/li>\n<\/ol>\n<\/li>\n<li style=\"font-weight: 400; font-size: 15px;\"><span style=\"font-weight: bold;\">OKRES ARCHIWIZACJI DANYCH OSOBOWYCH.<\/span>&nbsp;Dane osobowe u\u017cytkownik\u00f3w przechowywane s\u0105 przez Administratora:<br><ol style=\"font-size: 15px; margin: 0px 0px 0px 1.5em; padding: 0px; list-style-type: lower-alpha;\">\n<li style=\"font-size: 15px;\">w przypadku, gdy podstaw\u0105 przetwarzania danych jest wykonanie umowy, tak d\u0142ugo, jak jest to niezb\u0119dne do wykonania umowy, a&nbsp;po tym czasie przez okres odpowiadaj\u0105cy okresowi przedawnienia roszcze\u0144. Je\u017celi przepis szczeg\u00f3lny nie stanowi inaczej, termin przedawnienia wynosi lat sze\u015b\u0107, a&nbsp;dla roszcze\u0144 o&nbsp;\u015bwiadczenia okresowe oraz roszcze\u0144 zwi\u0105zanych z&nbsp;prowadzeniem dzia\u0142alno\u015bci gospodarczej &#8211; trzy lata.<\/li>\n<li style=\"font-size: 15px;\">w przypadku, gdy podstaw\u0105 przetwarzania danych jest zgoda, tak d\u0142ugo, a\u017c zgoda nie zostanie odwo\u0142ana, a&nbsp;po odwo\u0142aniu zgody przez okres czasu odpowiadaj\u0105cy okresowi przedawnienia roszcze\u0144 jakie mo\u017ce podnosi\u0107 Administrator i&nbsp;jakie mog\u0105 by\u0107 podnoszone wobec niego. Je\u017celi przepis szczeg\u00f3lny nie stanowi inaczej, termin przedawnienia wynosi lat sze\u015b\u0107, a&nbsp;dla roszcze\u0144 o&nbsp;\u015bwiadczenia okresowe oraz roszcze\u0144 zwi\u0105zanych z&nbsp;prowadzeniem dzia\u0142alno\u015bci gospodarczej &#8211; trzy lata.<\/li>\n<\/ol>\n<\/li>\n<li style=\"font-weight: 400; font-size: 15px;\">Podczas korzystania ze strony internetowej mog\u0105 by\u0107 pobierane dodatkowe informacje, w&nbsp;szczeg\u00f3lno\u015bci: adres IP przypisany do komputera u\u017cytkownika lub zewn\u0119trzny adres IP dostawcy Internetu, nazwa domeny, rodzaj przegl\u0105darki, czas dost\u0119pu, typ systemu operacyjnego.<\/li>\n<li style=\"font-weight: 400; font-size: 15px;\">Od u\u017cytkownik\u00f3w mog\u0105 by\u0107 tak\u017ce gromadzone dane nawigacyjne, w&nbsp;tym informacje o&nbsp;linkach i&nbsp;odno\u015bnikach, w&nbsp;kt\u00f3re zdecyduj\u0105 si\u0119 klikn\u0105\u0107 lub innych czynno\u015bciach, podejmowanych na stronie internetowej. Podstaw\u0105 prawn\u0105 tego rodzaju czynno\u015bci jest prawnie uzasadniony interes Administratora (art. 6 ust. 1 lit. f RODO), polegaj\u0105cy na u\u0142atwieniu korzystania z&nbsp;us\u0142ug \u015bwiadczonych drog\u0105 elektroniczn\u0105 oraz na poprawie funkcjonalno\u015bci tych us\u0142ug.<\/li>\n<li style=\"font-weight: 400; font-size: 15px;\">Podanie danych osobowych przez u\u017cytkownika jest dobrowolne.<\/li>\n<li style=\"font-weight: 400; font-size: 15px;\">Dane osobowe b\u0119d\u0105 przetwarzane tak\u017ce w spos\u00f3b zautomatyzowany w formie profilowania, o ile u\u017cytkownik wyrazi na to zgod\u0119 na podstawie art. 6 ust. 1 lit. a) RODO. Konsekwencj\u0105 profilowania b\u0119dzie przypisanie danej osobie profilu w celu podejmowania dotycz\u0105cych jej decyzji b\u0105d\u017a analizy lub przewidywania jej preferencji, zachowa\u0144 i postaw.<\/li>\n<li style=\"font-weight: 400; font-size: 15px;\">Administrator dok\u0142ada szczeg\u00f3lnej staranno\u015bci w celu ochrony interes\u00f3w os\u00f3b, kt\u00f3rych dane dotycz\u0105, a w szczeg\u00f3lno\u015bci zapewnia, \u017ce zbierane przez niego dane s\u0105:<br><ol style=\"font-size: 15px; margin: 0px 0px 0px 1.5em; padding: 0px; list-style-type: lower-alpha;\">\n<li style=\"font-size: 15px;\">przetwarzane zgodnie z prawem,<\/li>\n<li style=\"font-size: 15px;\">zbierane dla oznaczonych, zgodnych z prawem cel\u00f3w i niepoddawane dalszemu przetwarzaniu niezgodnemu z tymi celami,<\/li>\n<li style=\"font-size: 15px;\">merytorycznie poprawne i adekwatne w stosunku do cel\u00f3w, w jakich s\u0105 przetwarzane oraz przechowywane w postaci umo\u017cliwiaj\u0105cej identyfikacj\u0119 os\u00f3b, kt\u00f3rych dotycz\u0105, nie d\u0142u\u017cej ni\u017c jest to niezb\u0119dne do osi\u0105gni\u0119cia celu przetwarzania.<\/li>\n<\/ol>\n<\/li>\n<\/ol>\n<\/li>\n<li style=\"font-weight: 400; font-size: 15px;\">\n<h4 style=\"font-size: 1.33333rem; font-weight: inherit; line-height: 1.5;\">UDOST\u0118PNIENIE DANYCH OSOBOWYCH<\/h4>\n<ol style=\"font-size: 15px; margin: 0px 0px 0px 1.5em; padding: 0px;\">\n<li style=\"font-size: 15px;\">Dane osobowe u\u017cytkownik\u00f3w przekazywane s\u0105 dostawcom us\u0142ug, z&nbsp;kt\u00f3rych korzysta Administrator przy prowadzeniu strony internetowej. Dostawcy us\u0142ug, kt\u00f3rym przekazywane s\u0105 dane osobowe, w&nbsp;zale\u017cno\u015bci od uzgodnie\u0144 umownych i&nbsp;okoliczno\u015bci, albo podlegaj\u0105 poleceniom Administratora co do cel\u00f3w i&nbsp;sposob\u00f3w przetwarzania tych danych (podmioty przetwarzaj\u0105ce) albo samodzielnie okre\u015blaj\u0105 cele i&nbsp;sposoby ich przetwarzania (administratorzy).<\/li>\n<li style=\"font-size: 15px;\">Dane osobowe u\u017cytkownik\u00f3w s\u0105 przechowywane wy\u0142\u0105cznie na terenie Europejskiego Obszaru Gospodarczego (EOG).<\/li>\n<\/ol>\n<\/li>\n<li style=\"font-weight: 400; font-size: 15px;\">\n<h4 style=\"font-size: 1.33333rem; font-weight: inherit; line-height: 1.5;\">PRAWO KONTROLI, DOST\u0118PU DO TRE\u015aCI W\u0141ASNYCH DANYCH ORAZ ICH POPRAWIANIA<\/h4>\n<ol style=\"font-size: 15px; margin: 0px 0px 0px 1.5em; padding: 0px;\">\n<li style=\"font-size: 15px;\">Osoba, kt\u00f3rej dane dotycz\u0105, ma prawo dost\u0119pu do tre\u015bci swoich danych osobowych oraz prawo ich sprostowania, usuni\u0119cia, ograniczenia przetwarzania, prawo do przenoszenia danych, prawo wniesienia sprzeciwu, prawo do cofni\u0119cia zgody w dowolnym momencie bez wp\u0142ywu na zgodno\u015b\u0107 z prawem przetwarzania, kt\u00f3rego dokonano na podstawie zgody przed jej cofni\u0119ciem.<\/li>\n<li style=\"font-size: 15px;\">Podstawy prawne \u017c\u0105dania u\u017cytkownika:<br><ol style=\"font-size: 15px; margin: 0px 0px 0px 1.5em; padding: 0px; list-style-type: lower-alpha;\">\n<li style=\"font-size: 15px;\"><span style=\"font-weight: bold;\">Dost\u0119p do danych<\/span>&nbsp;\u2013 art. 15 RODO<\/li>\n<li style=\"font-size: 15px;\"><span style=\"font-weight: bold;\">Sprostowanie danych<\/span>&nbsp;\u2013 art. 16 RODO.<\/li>\n<li style=\"font-size: 15px;\"><span style=\"font-weight: bold;\">Usuni\u0119cie danych (tzw. prawo do bycia zapomnianym)<\/span>&nbsp;\u2013 art. 17 RODO.<\/li>\n<li style=\"font-size: 15px;\"><span style=\"font-weight: bold;\">Ograniczenie przetwarzania<\/span>&nbsp;\u2013 art. 18 RODO.<\/li>\n<li style=\"font-size: 15px;\"><span style=\"font-weight: bold;\">Przeniesienie danych<\/span>&nbsp;\u2013 art. 20 RODO.<\/li>\n<li style=\"font-size: 15px;\"><span style=\"font-weight: bold;\">Sprzeciw<\/span>&nbsp;\u2013 art. 21 RODO<\/li>\n<li style=\"font-size: 15px;\"><span style=\"font-weight: bold;\">Cofni\u0119cie zgody<\/span>&nbsp;\u2013 art. 7 ust. 3 RODO.<\/li>\n<\/ol>\n<\/li>\n<li style=\"font-size: 15px;\">W celu realizacji uprawnie\u0144, o kt\u00f3rych mowa w pkt 2 mo\u017cna wys\u0142a\u0107 stosown\u0105 wiadomo\u015b\u0107 e-mail na adres: autowanat@poczta.onet.pl.<\/li>\n<li style=\"font-size: 15px;\">W sytuacji wyst\u0105pienia przez u\u017cytkownika z&nbsp;uprawnieniem wynikaj\u0105cym z&nbsp;powy\u017cszych praw, Administrator spe\u0142nia \u017c\u0105danie albo odmawia jego spe\u0142nienia niezw\u0142ocznie, nie p\u00f3\u017aniej jednak ni\u017c w&nbsp;ci\u0105gu miesi\u0105ca po jego otrzymaniu. Je\u017celi jednak &#8211; z&nbsp;uwagi na skomplikowany charakter \u017c\u0105dania lub liczb\u0119 \u017c\u0105da\u0144 \u2013 Administrator nie b\u0119dzie m\u00f3g\u0142 spe\u0142ni\u0107 \u017c\u0105dania w&nbsp;ci\u0105gu miesi\u0105ca, spe\u0142ni je w&nbsp;ci\u0105gu kolejnych dw\u00f3ch miesi\u0119cy informuj\u0105c u\u017cytkownika uprzednio w&nbsp;terminie miesi\u0105ca od otrzymania \u017c\u0105dania &#8211; o&nbsp;zamierzonym przed\u0142u\u017ceniu terminu oraz jego przyczynach.<\/li>\n<li style=\"font-size: 15px;\">W przypadku stwierdzenia, \u017ce przetwarzanie danych osobowych narusza przepisy RODO, osoba, kt\u00f3rej dane dotycz\u0105, ma prawo wnie\u015b\u0107 skarg\u0119 do Prezesa Urz\u0119du Ochrony Danych Osobowych.<\/li>\n<\/ol>\n<\/li>\n<li style=\"font-weight: 400; font-size: 15px;\">\n<h4 style=\"font-size: 1.33333rem; font-weight: inherit; line-height: 1.5;\">PLIKI &#8222;COOKIES&#8221;<\/h4>\n<ol style=\"font-size: 15px; margin: 0px 0px 0px 1.5em; padding: 0px;\">\n<li style=\"font-size: 15px;\">Strona Administratora&nbsp;u\u017cywa plik\u00f3w&nbsp;\u201ecookies\u201d.<\/li>\n<li style=\"font-size: 15px;\">Instalacja plik\u00f3w \u201ecookies\u201d jest konieczna do prawid\u0142owego \u015bwiadczenia us\u0142ug na stronie internetowej. W plikach \u201ecookies&#8221; znajduj\u0105 si\u0119 informacje niezb\u0119dne do prawid\u0142owego funkcjonowania strony, a tak\u017ce daj\u0105 one tak\u017ce mo\u017cliwo\u015b\u0107 opracowywania og\u00f3lnych statystyk odwiedzin strony internetowej.<\/li>\n<li style=\"font-size: 15px;\">W ramach strony stosowane s\u0105 rodzaje plik\u00f3w &#8222;cookies&#8221;: sesyjne i sta\u0142e<br><ol style=\"font-size: 15px; margin: 0px 0px 0px 1.5em; padding: 0px; list-style-type: lower-alpha;\">\n<li style=\"font-size: 15px;\">\u201eCookies\u201d \u201esesyjne\u201d s\u0105 plikami tymczasowymi, kt\u00f3re przechowywane s\u0105 w urz\u0105dzeniu ko\u0144cowym u\u017cytkownika do czasu wylogowania (opuszczenia strony).<\/li>\n<li style=\"font-size: 15px;\">\u201eSta\u0142e\u201d pliki \u201ecookies\u201d przechowywane s\u0105 w urz\u0105dzeniu ko\u0144cowym u\u017cytkownika przez czas okre\u015blony w parametrach plik\u00f3w \u201ecookies\u201d lub do czasu ich usuni\u0119cia przez u\u017cytkownika.<\/li>\n<\/ol>\n<\/li>\n<li style=\"font-size: 15px;\">Administrator wykorzystuje w\u0142asne pliki cookies w celu lepszego poznania sposobu interakcji u\u017cytkownika w zakresie zawarto\u015bci strony. Pliki gromadz\u0105 informacje o sposobie korzystania ze strony internetowej przez u\u017cytkownika, typie strony, z jakiej u\u017cytkownik zosta\u0142 przekierowany oraz liczbie odwiedzin i czasie wizyty u\u017cytkownika na stronie internetowej. Informacje te nie rejestruj\u0105 konkretnych danych osobowych u\u017cytkownika, lecz s\u0142u\u017c\u0105 do opracowania statystyk korzystania ze strony.<\/li>\n<li style=\"font-size: 15px;\">U\u017cytkownik ma prawo zadecydowania w zakresie dost\u0119pu plik\u00f3w \u201ecookies\u201d do swojego komputera poprzez ich uprzedni wyb\u00f3r w oknie swojej przegl\u0105darki. &nbsp;Szczeg\u00f3\u0142owe informacje o mo\u017cliwo\u015bci i sposobach obs\u0142ugi plik\u00f3w \u201ecookies\u201d dost\u0119pne s\u0105 w ustawieniach oprogramowania (przegl\u0105darki internetowej).<\/li>\n<\/ol>\n<\/li>\n<li style=\"font-weight: 400; font-size: 15px;\">\n<h4 style=\"font-size: 1.33333rem; font-weight: inherit; line-height: 1.5;\">POSTANOWIENIA KO\u0143COWE<\/h4>\n<ol style=\"font-size: 15px; margin: 0px 0px 0px 1.5em; padding: 0px;\">\n<li style=\"font-size: 15px;\">Administrator stosuje \u015brodki techniczne i organizacyjne zapewniaj\u0105ce ochron\u0119 przetwarzanych danych osobowych odpowiedni\u0105 do zagro\u017ce\u0144 oraz kategorii danych obj\u0119tych ochron\u0105, a w szczeg\u00f3lno\u015bci zabezpiecza dane przed ich udost\u0119pnieniem osobom nieupowa\u017cnionym, zabraniem przez osob\u0119 nieuprawnion\u0105, przetwarzaniem z naruszeniem obowi\u0105zuj\u0105cych przepis\u00f3w oraz zmian\u0105, utrat\u0105, uszkodzeniem lub zniszczeniem.<\/li>\n<li style=\"font-size: 15px;\">Administrator udost\u0119pnia odpowiednie \u015brodki techniczne zapobiegaj\u0105ce pozyskiwaniu i modyfikowaniu przez osoby nieuprawnione, danych osobowych przesy\u0142anych drog\u0105 elektroniczn\u0105.<\/li>\n<li style=\"font-size: 15px;\">W sprawach nieuregulowanych niniejsz\u0105 Polityk\u0105 prywatno\u015bci stosuje si\u0119 odpowiednio przepisy RODO oraz inne w\u0142a\u015bciwe przepisy prawa polskiego.<\/li>\n<\/ol>\n<\/li>\n<\/ol>\t\t\t\t\t\t\t\t<\/div>\n\t\t\t\t<\/div>\n\t\t\t\t\t<\/div>\n\t\t<\/div>\n\t\t\t\t\t<\/div>\n\t\t<\/section>\n\t\t\t\t<\/div>\n\t\t","protected":false},"excerpt":{"rendered":"<p>Polityka Prywatno\u015bci strony internetowej https:\/\/www.ceramikawanat.pl POSTANOWIENIA OG\u00d3LNE Administratorem danych osobowych zbieranych za po\u015brednictwem strony internetowej https:\/\/www.ceramikawanat.pl&nbsp;jest&nbsp;Ewa Wanat&nbsp;wykonuj\u0105cy\/a dzia\u0142alno\u015b\u0107 gospodarcz\u0105 pod firm\u0105 Pracownia Artystyczna Ceramiki i Rze\u017aby&nbsp;Ewa Wanat&nbsp;wpisan\u0105 do Centralnej Ewidencji i Informacji o Dzia\u0142alno\u015bci Gospodarczej Rzeczypospolitej Polskiej prowadzonej przez ministra w\u0142a\u015bciwego do spraw gospodarki, miejsce wykonywania dzia\u0142alno\u015bci: ul. Rynek 23\/1, 62-020 Swarz\u0119dz , adres do &hellip;<\/p>\n<p class=\"read-more\"> <a class=\"\" href=\"https:\/\/ceramikawanat.pl\/wordpress\/polityka-prywatnosci\/\"> <span class=\"screen-reader-text\">Polityka prywatno\u015bci strony internetowej<\/span> Read More &raquo;<\/a><\/p>\n","protected":false},"author":1,"featured_media":0,"parent":0,"menu_order":0,"comment_status":"closed","ping_status":"open","template":"","meta":{"site-sidebar-layout":"default","site-content-layout":"default","ast-global-header-display":"","ast-banner-title-visibility":"","ast-main-header-display":"","ast-hfb-above-header-display":"","ast-hfb-below-header-display":"","ast-hfb-mobile-header-display":"","site-post-title":"disabled","ast-breadcrumbs-content":"","ast-featured-img":"","footer-sml-layout":"","theme-transparent-header-meta":"","adv-header-id-meta":"","stick-header-meta":"","header-above-stick-meta":"","header-main-stick-meta":"","header-below-stick-meta":"","footnotes":""},"class_list":["post-3","page","type-page","status-publish","hentry"],"_links":{"self":[{"href":"https:\/\/ceramikawanat.pl\/wordpress\/wp-json\/wp\/v2\/pages\/3","targetHints":{"allow":["GET"]}}],"collection":[{"href":"https:\/\/ceramikawanat.pl\/wordpress\/wp-json\/wp\/v2\/pages"}],"about":[{"href":"https:\/\/ceramikawanat.pl\/wordpress\/wp-json\/wp\/v2\/types\/page"}],"author":[{"embeddable":true,"href":"https:\/\/ceramikawanat.pl\/wordpress\/wp-json\/wp\/v2\/users\/1"}],"replies":[{"embeddable":true,"href":"https:\/\/ceramikawanat.pl\/wordpress\/wp-json\/wp\/v2\/comments?post=3"}],"version-history":[{"count":26,"href":"https:\/\/ceramikawanat.pl\/wordpress\/wp-json\/wp\/v2\/pages\/3\/revisions"}],"predecessor-version":[{"id":1852,"href":"https:\/\/ceramikawanat.pl\/wordpress\/wp-json\/wp\/v2\/pages\/3\/revisions\/1852"}],"wp:attachment":[{"href":"https:\/\/ceramikawanat.pl\/wordpress\/wp-json\/wp\/v2\/media?parent=3"}],"curies":[{"name":"wp","href":"https:\/\/api.w.org\/{rel}","templated":true}]}}