{"id":1016,"date":"2023-04-14T21:16:33","date_gmt":"2023-04-14T19:16:33","guid":{"rendered":"https:\/\/ceramikawanat.pl\/wordpress\/?page_id=1016"},"modified":"2023-05-05T00:12:20","modified_gmt":"2023-05-04T22:12:20","slug":"kursy-i-szkolenia","status":"publish","type":"page","link":"https:\/\/ceramikawanat.pl\/wordpress\/kursy-i-szkolenia\/","title":{"rendered":"Kursy i szkolenia"},"content":{"rendered":"\t\t<div data-elementor-type=\"wp-page\" data-elementor-id=\"1016\" class=\"elementor elementor-1016\">\n\t\t\t\t\t\t<section class=\"elementor-section elementor-top-section elementor-element elementor-element-387fd9d elementor-section-content-middle elementor-section-boxed elementor-section-height-default elementor-section-height-default\" data-id=\"387fd9d\" data-element_type=\"section\" data-e-type=\"section\" data-settings=\"{&quot;background_background&quot;:&quot;classic&quot;}\">\n\t\t\t\t\t\t\t<div class=\"elementor-background-overlay\"><\/div>\n\t\t\t\t\t\t\t<div class=\"elementor-container elementor-column-gap-wide\">\n\t\t\t\t\t<div class=\"elementor-column elementor-col-100 elementor-top-column elementor-element elementor-element-1434ed8\" data-id=\"1434ed8\" data-element_type=\"column\" data-e-type=\"column\">\n\t\t\t<div class=\"elementor-widget-wrap elementor-element-populated\">\n\t\t\t\t\t\t<div class=\"elementor-element elementor-element-288e7c0 elementor-widget elementor-widget-heading\" data-id=\"288e7c0\" data-element_type=\"widget\" data-e-type=\"widget\" data-widget_type=\"heading.default\">\n\t\t\t\t<div class=\"elementor-widget-container\">\n\t\t\t\t\t<h2 class=\"elementor-heading-title elementor-size-default\">Kursy i szkolenia<\/h2>\t\t\t\t<\/div>\n\t\t\t\t<\/div>\n\t\t\t\t\t<\/div>\n\t\t<\/div>\n\t\t\t\t\t<\/div>\n\t\t<\/section>\n\t\t\t\t<section class=\"elementor-section elementor-top-section elementor-element elementor-element-3922680 elementor-section-boxed elementor-section-height-default elementor-section-height-default\" data-id=\"3922680\" data-element_type=\"section\" data-e-type=\"section\">\n\t\t\t\t\t\t<div class=\"elementor-container elementor-column-gap-default\">\n\t\t\t\t\t<div class=\"elementor-column elementor-col-100 elementor-top-column elementor-element elementor-element-7057dec\" data-id=\"7057dec\" data-element_type=\"column\" data-e-type=\"column\">\n\t\t\t<div class=\"elementor-widget-wrap elementor-element-populated\">\n\t\t\t\t\t\t<div class=\"elementor-element elementor-element-cfc6c7b elementor-widget elementor-widget-text-editor\" data-id=\"cfc6c7b\" data-element_type=\"widget\" data-e-type=\"widget\" data-widget_type=\"text-editor.default\">\n\t\t\t\t<div class=\"elementor-widget-container\">\n\t\t\t\t\t\t\t\t\t<p><a href=\"https:\/\/ceramikawanat.pl\/wordpress\/oferta\/\"><u>&lt; Wr\u00f3\u0107 do oferty<\/u><\/a><\/p>\t\t\t\t\t\t\t\t<\/div>\n\t\t\t\t<\/div>\n\t\t\t\t<div class=\"elementor-element elementor-element-df94f2a elementor-widget elementor-widget-text-editor\" data-id=\"df94f2a\" data-element_type=\"widget\" data-e-type=\"widget\" data-widget_type=\"text-editor.default\">\n\t\t\t\t<div class=\"elementor-widget-container\">\n\t\t\t\t\t\t\t\t\t<p>Kurs toczenia na kole garncarskim &#8211; ,,O herbatce kilka s\u0142\u00f3w&#8230;&#8221;<\/p>\n<p>Kurs prowadzony przez artyst\u0119 &#8211; Wojciecha T\u0119\u017cyckiego<\/p>\n<p>Koraliki, kwadraciki, rurki, sopelki, serduszka a mo\u017ce jab\u0142uszka. Z ma\u0142ego kawa\u0142ka gliny mo\u017cesz sama wyczarowa\u0107 swoj\u0105 zawieszk\u0119, kolczyki, bransoletk\u0119. Z pomoc\u0105 tradycyjnych technik swobodnego formowania i magii ognia stworzysz wyj\u0105tkow\u0105 ozdob\u0119.<\/p>\n<p>Warsztaty ceramiczne ,,Miej Swojego Anio\u0142a\u2019\u2019<\/p>\n<p>Warsztaty prowadz\u0105 artystki Ewa Wanat i Agnieszka Ciszewska<\/p>\n<p>W \u017cyciu naszym Anio\u0142y zajmuj\u0105 szczeg\u00f3lne miejsce. S\u0105 dla nas&nbsp; wsparciem i s\u0105 czym\u015b wi\u0119cej.<\/p>\n<p>Pretekstem do dzia\u0142ania i kolejnej edycji tegorocznych&nbsp; warsztat\u00f3w&nbsp; sta\u0142 si\u0119 Anio\u0142, kt\u00f3rego pr\u00f3ba zinterpretowania&nbsp; mo\u017ce by\u0107 doskona\u0142ym pomys\u0142em na sp\u0119dzenie wolnego czasu oraz chwili w kt\u00f3rej przychodzi wyciszenie, spok\u00f3j oraz rado\u015b\u0107, kt\u00f3ra dodaje skrzyde\u0142. Mo\u017ce sta\u0107 si\u0119 nietuzinkowymi oryginalnym prezentem dla kogo\u015b bliskiego.<\/p>\n<p>Wykonaj Swojego Anio\u0142a<\/p>\n<p>oferta przed\u015bwi\u0105teczna, prezenty dla najbli\u017cszych<\/p>\n<p>&#8222;Anielskie&#8221; warsztaty w pracowni ceramiki i rze\u017aby. Do powieszenia czy do postawienia? Stw\u00f3rz swojego anio\u0142a. Jakie b\u0119dzie mia\u0142 skrzyd\u0142a, to tylko od Ciebie zale\u017cy.&nbsp; Lepimy, dr\u0105\u017cymy, wycinamy, przyklejamy, ozdabiamy, szkliwimy, wypalamy, a przy tym dobrze si\u0119 bawimy.<\/p>\n<p>Zapraszamy.<\/p>\n<p>Warsztaty ceramiczne -,,Misy ,miseczki&#8230; \u201d podstawowe techniki tworzenia&nbsp; form ceramicznych oraz ich ozdabianie.<\/p>\n<p>Zaj\u0119cia prowadzi artysta Ewa Wanat<\/p>\n<p>Nie spos\u00f3b wyobrazi\u0107 sobie \u017cycia bez ceramicznych wyrob\u00f3w u\u017cytkowych. Dzi\u0119ki prostym technikom&nbsp; stworzycie niepowtarzalne kszta\u0142ty i czrodziejskie&nbsp; formy.<\/p>\n<p>Zapraszam do wyczarowania w\u0142asnych mis i miseczek. Wykonacie wyj\u0105tkowe prace, kt\u00f3re ozdobi\u0105 i upi\u0119ksz\u0105 wasze mieszkanie.<\/p>\n<p>Warsztaty,,Gra \u015awiate\u0142\u201d<\/p>\n<p>Warsztaty prowadzi artysta Ewa Wanat<\/p>\n<p>Czy lubicie&nbsp; sp\u0119dzi\u0107 wiecz\u00f3r przy \u015bwietle romantycznych \u015bwiec?<\/p>\n<p>A mo\u017ce przyjemno\u015b\u0107 sprawia Wam obserwowanie przy\u0107mionego \u015bwiat\u0142a lamp lub lampion\u00f3w?<\/p>\n<p>Je\u015bli tak, powinni\u015bcie rozwa\u017cy\u0107 mo\u017cliwo\u015b\u0107 wykonania przez siebie niepowtarzalnej formy&nbsp; lampionu, czy \u015bwiecznika. Pod\u015bwietlany od wewn\u0105trz a\u017cur wyci\u0119tych wzor\u00f3w pozwala przenika\u0107 \u015bwiat\u0142u&#8230;i odbija\u0107 czarodziejskie kszta\u0142ty na \u015bcianach naszego mieszkania.<\/p>\n<p>Mo\u017ce zatem warto wyobra\u017cenie o nim zamieni\u0107 w rzeczywisto\u015b\u0107&#8230;?<\/p>\n<p>Zapraszam do wyczarowania w\u0142asnych lampion\u00f3w i \u015bwiecznik\u00f3w&nbsp; Wykonacie wyj\u0105tkowe prace, kt\u00f3re rozb\u0142ysn\u0105 blaskiem ognia w waszych domach na tarasach lub w ogrodzie.<\/p>\n<p>Kurs pisania ikony<\/p>\n<p>Na naszych warsztatach chcieliby\u015bmy przedstawi\u0107 wszystkim, kt\u00f3rzy interesuj\u0105 si\u0119 ikon\u0105, podstawowe wiadomo\u015bci, kt\u00f3re pozwol\u0105 zrozumie\u0107 jej istot\u0119 zar\u00f3wno od strony symbolicznej jak i warsztatowej. Zaj\u0119cia prowadzone b\u0119d\u0105 w dw\u00f3ch grupach:<\/p>\n<p>Wszystkie materia\u0142y zapewnia pracownia.<\/p>\n<p>Liczba miejsc ograniczona. Liczy si\u0119 kolejno\u015b\u0107 zg\u0142osze\u0144.<\/p>\n<p>Terminy:<\/p>\n<p>Kurs dla pocz\u0105tkuj\u0105cych \u2013 25.02 (pi\u0105tek)<\/p>\n<p>26.02 (sobota)<\/p>\n<p>27.02 (niedziela)<\/p>\n<p>4.03 (pi\u0105tek)<\/p>\n<p>5.03 (sobota)<\/p>\n<p>6.03 (niedziela)<\/p>\n<p>Kurs dla zaawansowanych &#8211; 11.03 (pi\u0105tek)<\/p>\n<p>12.03 (sobota)<\/p>\n<p>13.03 (niedziela)<\/p>\n<p>18.03 (pi\u0105tek)<\/p>\n<p>19.03 (sobota)<\/p>\n<p>20.03 (niedziela)<\/p>\t\t\t\t\t\t\t\t<\/div>\n\t\t\t\t<\/div>\n\t\t\t\t<div class=\"elementor-element elementor-element-6724093 elementor-widget elementor-widget-spacer\" data-id=\"6724093\" data-element_type=\"widget\" data-e-type=\"widget\" data-widget_type=\"spacer.default\">\n\t\t\t\t<div class=\"elementor-widget-container\">\n\t\t\t\t\t\t\t<div class=\"elementor-spacer\">\n\t\t\t<div class=\"elementor-spacer-inner\"><\/div>\n\t\t<\/div>\n\t\t\t\t\t\t<\/div>\n\t\t\t\t<\/div>\n\t\t\t\t\t<\/div>\n\t\t<\/div>\n\t\t\t\t\t<\/div>\n\t\t<\/section>\n\t\t\t\t<\/div>\n\t\t","protected":false},"excerpt":{"rendered":"<p>Kursy i szkolenia &lt; Wr\u00f3\u0107 do oferty Kurs toczenia na kole garncarskim &#8211; ,,O herbatce kilka s\u0142\u00f3w&#8230;&#8221; Kurs prowadzony przez artyst\u0119 &#8211; Wojciecha T\u0119\u017cyckiego Koraliki, kwadraciki, rurki, sopelki, serduszka a mo\u017ce jab\u0142uszka. Z ma\u0142ego kawa\u0142ka gliny mo\u017cesz sama wyczarowa\u0107 swoj\u0105 zawieszk\u0119, kolczyki, bransoletk\u0119. Z pomoc\u0105 tradycyjnych technik swobodnego formowania i magii ognia stworzysz wyj\u0105tkow\u0105 ozdob\u0119. &hellip;<\/p>\n<p class=\"read-more\"> <a class=\"\" href=\"https:\/\/ceramikawanat.pl\/wordpress\/kursy-i-szkolenia\/\"> <span class=\"screen-reader-text\">Kursy i szkolenia<\/span> Read More &raquo;<\/a><\/p>\n","protected":false},"author":2,"featured_media":0,"parent":0,"menu_order":0,"comment_status":"closed","ping_status":"closed","template":"","meta":{"site-sidebar-layout":"no-sidebar","site-content-layout":"page-builder","ast-global-header-display":"","ast-banner-title-visibility":"","ast-main-header-display":"","ast-hfb-above-header-display":"","ast-hfb-below-header-display":"","ast-hfb-mobile-header-display":"","site-post-title":"disabled","ast-breadcrumbs-content":"","ast-featured-img":"disabled","footer-sml-layout":"","theme-transparent-header-meta":"","adv-header-id-meta":"","stick-header-meta":"","header-above-stick-meta":"","header-main-stick-meta":"","header-below-stick-meta":"","footnotes":""},"class_list":["post-1016","page","type-page","status-publish","hentry"],"_links":{"self":[{"href":"https:\/\/ceramikawanat.pl\/wordpress\/wp-json\/wp\/v2\/pages\/1016","targetHints":{"allow":["GET"]}}],"collection":[{"href":"https:\/\/ceramikawanat.pl\/wordpress\/wp-json\/wp\/v2\/pages"}],"about":[{"href":"https:\/\/ceramikawanat.pl\/wordpress\/wp-json\/wp\/v2\/types\/page"}],"author":[{"embeddable":true,"href":"https:\/\/ceramikawanat.pl\/wordpress\/wp-json\/wp\/v2\/users\/2"}],"replies":[{"embeddable":true,"href":"https:\/\/ceramikawanat.pl\/wordpress\/wp-json\/wp\/v2\/comments?post=1016"}],"version-history":[{"count":19,"href":"https:\/\/ceramikawanat.pl\/wordpress\/wp-json\/wp\/v2\/pages\/1016\/revisions"}],"predecessor-version":[{"id":1721,"href":"https:\/\/ceramikawanat.pl\/wordpress\/wp-json\/wp\/v2\/pages\/1016\/revisions\/1721"}],"wp:attachment":[{"href":"https:\/\/ceramikawanat.pl\/wordpress\/wp-json\/wp\/v2\/media?parent=1016"}],"curies":[{"name":"wp","href":"https:\/\/api.w.org\/{rel}","templated":true}]}}