{"id":1014,"date":"2023-04-14T21:16:03","date_gmt":"2023-04-14T19:16:03","guid":{"rendered":"https:\/\/ceramikawanat.pl\/wordpress\/?page_id=1014"},"modified":"2024-02-01T13:08:57","modified_gmt":"2024-02-01T12:08:57","slug":"zajecia-dla-szkol-i-przedszkoli","status":"publish","type":"page","link":"https:\/\/ceramikawanat.pl\/wordpress\/zajecia-dla-szkol-i-przedszkoli\/","title":{"rendered":"Zaj\u0119cia dla szk\u00f3\u0142 i przedszkoli"},"content":{"rendered":"\t\t<div data-elementor-type=\"wp-page\" data-elementor-id=\"1014\" class=\"elementor elementor-1014\">\n\t\t\t\t\t\t<section class=\"elementor-section elementor-top-section elementor-element elementor-element-c01d66f elementor-section-content-middle elementor-section-boxed elementor-section-height-default elementor-section-height-default\" data-id=\"c01d66f\" data-element_type=\"section\" data-e-type=\"section\" data-settings=\"{&quot;background_background&quot;:&quot;classic&quot;}\">\n\t\t\t\t\t\t\t<div class=\"elementor-background-overlay\"><\/div>\n\t\t\t\t\t\t\t<div class=\"elementor-container elementor-column-gap-wide\">\n\t\t\t\t\t<div class=\"elementor-column elementor-col-100 elementor-top-column elementor-element elementor-element-5ce110d\" data-id=\"5ce110d\" data-element_type=\"column\" data-e-type=\"column\">\n\t\t\t<div class=\"elementor-widget-wrap elementor-element-populated\">\n\t\t\t\t\t\t<div class=\"elementor-element elementor-element-a0d6407 elementor-widget elementor-widget-heading\" data-id=\"a0d6407\" data-element_type=\"widget\" data-e-type=\"widget\" data-widget_type=\"heading.default\">\n\t\t\t\t<div class=\"elementor-widget-container\">\n\t\t\t\t\t<h2 class=\"elementor-heading-title elementor-size-default\">Zaj\u0119cia dla szk\u00f3\u0142 i przedszkoli<\/h2>\t\t\t\t<\/div>\n\t\t\t\t<\/div>\n\t\t\t\t\t<\/div>\n\t\t<\/div>\n\t\t\t\t\t<\/div>\n\t\t<\/section>\n\t\t\t\t<section class=\"elementor-section elementor-top-section elementor-element elementor-element-160689d elementor-section-boxed elementor-section-height-default elementor-section-height-default\" data-id=\"160689d\" data-element_type=\"section\" data-e-type=\"section\">\n\t\t\t\t\t\t<div class=\"elementor-container elementor-column-gap-default\">\n\t\t\t\t\t<div class=\"elementor-column elementor-col-100 elementor-top-column elementor-element elementor-element-cc2c2cf\" data-id=\"cc2c2cf\" data-element_type=\"column\" data-e-type=\"column\">\n\t\t\t<div class=\"elementor-widget-wrap elementor-element-populated\">\n\t\t\t\t\t\t<div class=\"elementor-element elementor-element-e169f2b elementor-widget elementor-widget-text-editor\" data-id=\"e169f2b\" data-element_type=\"widget\" data-e-type=\"widget\" data-widget_type=\"text-editor.default\">\n\t\t\t\t<div class=\"elementor-widget-container\">\n\t\t\t\t\t\t\t\t\t<p><a href=\"https:\/\/ceramikawanat.pl\/wordpress\/oferta\/\"><u>&lt; Wr\u00f3\u0107 do oferty<\/u><\/a><\/p>\t\t\t\t\t\t\t\t<\/div>\n\t\t\t\t<\/div>\n\t\t\t\t<div class=\"elementor-element elementor-element-ec2d35d elementor-widget elementor-widget-text-editor\" data-id=\"ec2d35d\" data-element_type=\"widget\" data-e-type=\"widget\" data-widget_type=\"text-editor.default\">\n\t\t\t\t<div class=\"elementor-widget-container\">\n\t\t\t\t\t\t\t\t\t<p><strong>Zaj\u0119cia\u00a0 dla szk\u00f3\u0142 i przedszkoli<\/strong><\/p><p>Chcemy zaproponowa\u0107 Pa\u0144stwu wsp\u00f3\u0142prac\u0119 w zakresie organizacji zaj\u0119\u0107 tw\u00f3rczych, w ramach lekcyjnych i poza lekcyjnych, a tak\u017ce zaj\u0119\u0107 wyjazdowych typu zielona szko\u0142a.<span style=\"font-style: inherit;font-weight: inherit;color: var( --e-global-color-text );background-color: var(--ast-global-color-5)\">\u00a0<\/span><\/p><p>Dzieci podczas warsztat\u00f3w wykonaj\u0105 prac\u0119 w ustalonej technice. Prace z gliny zostan\u0105 wypalane w cenie i mog\u0105 r\u00f3wnie\u017c by\u0107 pokolorowane kolorowym szkliwem za dodatkow\u0105 op\u0142at\u0105.\u00a0<br \/><span style=\"background-color: var(--ast-global-color-5);color: var( --e-global-color-text );font-style: inherit;font-weight: inherit\">Czas trwania dostosowany jest do wybranej opcji .<\/span><\/p><p><b>WARSZTATY WYJAZDOWE \u2013 do wskazanego miejsca szko\u0142y lub przedszkola<\/b><\/p><p>Czas trwania warsztatu dla grupy &#8211; max 30 &#8211; 60 min\u00a0<\/p><p>op\u0142aty pakietowe:<\/p><p>\u00a0<b>pakiet 1<span style=\"font-style: inherit;color: var( --e-global-color-text );font-family: var( --e-global-typography-text-font-family ), Sans-serif;background-color: var(--ast-global-color-5)\">\u00a0<\/span><\/b><\/p><p>\u00a0 1 grupa 18- 24 os\u00f3b &#8211; 870 z\u0142\/biskwit<br \/><span style=\"font-style: inherit;font-weight: inherit;color: var( --e-global-color-text );background-color: var(--ast-global-color-5)\">\u00a0 Ze szkliwem &#8211;\u00a0 1025 z\u0142<\/span><\/p><p>\u00a0<b>pakiet 2<\/b><\/p><p>\u00a02 grupy\u00a0 25-\u00a0 50 os\u00f3b &#8211; 750 z\u0142\/ biskwit<\/p><p>\u00a0ze szkliwem 900-ka\u017cda z grup<\/p><p>\u00a0pakiet 3<\/p><p>\u00a03-4 grupy 75-100 os\u00f3b -700 zl\/ biskwit<\/p><p>\u00a0Ze szkliwem 850 z\u0142 -ka\u017cda z grup <span style=\"font-style: inherit;font-weight: inherit;color: var( --e-global-color-text );font-family: var( --e-global-typography-text-font-family ), Sans-serif;background-color: var(--ast-global-color-5)\">\u00a0<\/span><\/p><p>\u00a0pakiet 4<\/p><p>\u00a05-8 grupy-650 z\u0142\/ biskwit<\/p><p>\u00a0800 z\u0142 ze szkliwem<\/p><p>\u00a0ka\u017cda z grup <span style=\"font-style: inherit;font-weight: inherit;color: var( --e-global-color-text );font-family: var( --e-global-typography-text-font-family ), Sans-serif;background-color: var(--ast-global-color-5)\">\u00a0<\/span><\/p><p>\u00a0pakiet 5<\/p><p>\u00a09-15 grup -600 zl\/ biskwit<\/p><p>\u00a0750z\u0142 ze szkliwem ka\u017cda z grup<\/p><p>\u00a0 FORMY P\u0141ATNO\u015aCI :.<\/p><p>\u00a0&#8211; Cena przeliczana jest na ilo\u015b\u0107 dzieci . Przyjmujemy przelicznik , \u017ce grupa to 25 dzieci ( z mo\u017cliwo\u015bci\u0105 podzia\u0142u na mniejsze grupy w trakcie pracy . Dotyczy to szczeg\u00f3lnie m\u0142odszych dzieci)<\/p><p>\u00a0&#8211; W OP\u0141ATACH PAKIETOWYCH na preferencyjnych cenach , ostateczna kwota pobierana jest od zam\u00f3wionej liczby dzieci bez wzgl\u0119du na ko\u0144cow\u0105 ilo\u015b\u0107. Dzieci dodatkowe powy\u017cej zam\u00f3wionego pakietu maja liczon\u0105 bie\u017c\u0105c\u0105 cen\u0119 jak w pakiecie numer 1<\/p><p>\u00a0<\/p><p><b>\u00a0<\/b><\/p><p>\u00a0<\/p><p><b>\u00a0<\/b><\/p><p><b>W<\/b><span style=\"font-style: inherit;color: var( --e-global-color-text );background-color: var(--ast-global-color-5)\"><b>arsztaty stacjonarne w Pracowni Dzia\u0142a\u0144 Tw\u00f3rczych<\/b><br \/>Podane poni\u017cej ceny dotycz\u0105 grup 15-25 os\u00f3b\u00a0<br \/>poni\u017cej 15 os\u00f3b nale\u017cy\u00a0 doliczy\u0107 2 z\u0142\u00a0\u00a0<br \/>powy\u017cej 25 -50 os\u00f3b\u00a0 nale\u017cy odj\u0105\u0107 od wybranej opcji 2z\u0142\u00a0<br \/>powy\u017cej 250- 100 nale\u017cy odj\u0105\u0107 3 z\u0142\u00a0<br \/><br \/><\/span><\/p><p><b>Swarz\u0119dz ul. Rynek 21<\/b><\/p><p>1. Warsztaty ceramiczne<span style=\"font-family: Open Sans, sans-serif\">:\u00a0<\/span><\/p><p>\u00a0<\/p><p>Ceny bez szkliwa \/\u00a0 ze szkliwem\u00a0<span style=\"font-style: inherit;font-weight: inherit;color: var( --e-global-color-text );font-family: var( --e-global-typography-text-font-family ), Sans-serif;background-color: var(--ast-global-color-5)\">\u00a0<\/span><\/p><p>Zawieszki ( 2 sztuki 10 cm ) czas- 45min- 60 min; &#8211; cena 35 z\u0142\/ 42 z\u0142\u00a0 <span style=\"font-style: inherit;font-weight: inherit;color: var( --e-global-color-text );font-family: var( --e-global-typography-text-font-family ), Sans-serif;background-color: var(--ast-global-color-5)\">\u00a0<\/span><\/p><p>Zawieszka z dziurk\u0105: np:\u00a0 JAJO, KWIAT, PTASZEK, mi\u015b, zaj\u0105czek lub dowolna forma ( 1 sztuka 15 cm)<br \/>&#8211; 35z\u0142 \/42 z\u0142<span style=\"font-style: inherit;font-weight: inherit;color: var( --e-global-color-text );font-family: var( --e-global-typography-text-font-family ), Sans-serif;background-color: var(--ast-global-color-5)\">\u00a0<\/span><\/p><p>Magnesy\u00a0 PTASZKI , KWIATY, ZWIERZAKI<\/p><p>do 10 cm-( 2 sztuki ) 37 z\u0142 \/ 44 z\u0142<span style=\"font-style: inherit;font-weight: inherit;color: var( --e-global-color-text );font-family: var( --e-global-typography-text-font-family ), Sans-serif;background-color: var(--ast-global-color-5)\">\u00a0<\/span><\/p><p>MISECZKI , MISKI , TALERZYKI\u00a0 -40 z\u0142 \/ 47 z\u0142<span style=\"font-style: inherit;font-weight: inherit;color: var( --e-global-color-text );font-family: var( --e-global-typography-text-font-family ), Sans-serif;background-color: var(--ast-global-color-5)\">\u00a0<\/span><\/p><p>Rze\u017aba: baran , kogutek , kurka, zaj\u0105c ( 8 -12cm ) &#8211; 40 z\u0142\/ 47 z\u0142<span style=\"font-style: inherit;font-weight: inherit;color: var( --e-global-color-text );font-family: var( --e-global-typography-text-font-family ), Sans-serif;background-color: var(--ast-global-color-5)\">\u00a0<\/span><\/p><p>Kieszenie:\u00a0 JAJO, SERCE ( 15-18 cm) 35 z\u0142\/ 47z\u0142 \/ 1.15 min<\/p><p>Inne warsztaty :<span style=\"font-style: inherit;font-weight: inherit;color: var( --e-global-color-text );font-family: var( --e-global-typography-text-font-family ), Sans-serif;background-color: var(--ast-global-color-5)\">\u00a0<\/span><\/p><p>robienie kubk\u00f3w lub misek ceramicznych do herbaty ( 1.30 h -2 h) &#8211; 47 z\u0142\/ 54 z\u0142<\/p><p>drzewka\/ okna na \u015bcian\u0119 &#8211; 18-12 cm witra\u017c &#8211; 40 z\u0142\/ 47z\u0142 \/ 1.15 min<\/p><p>\u00a0<\/p><p>2.\u00a0 POMALUJ CERAMIK\u0118\u00a0<\/p><p>Wcze\u015bniej ustalamy i przygotowujemy formy do malowania. Na tych warsztatach nic nie lepimy tylko malujemy. Zaj\u0119cia dla ka\u017cdego od ma\u0142ego do du\u017cego. Przyjd\u017a, a my poka\u017cemy Ci r\u00f3\u017cne techniki malowania, tak aby stworzy\u0107 wyj\u0105tkowy prezent lub ozdob\u0119, a nawet u\u017cytkow\u0105 ceramik\u0119.<\/p><p>Farby oraz szkliwo u\u017cywane do malowania ceramiki s\u0105 nie toksyczne oraz nadaj\u0105 si\u0119 do kontaktu z \u017cywno\u015bci\u0105. Po zaj\u0119ciach zostan\u0105 utrwalone i wypalone.<\/p><p>\u00a0Z naczynia mo\u017cna u\u017cytkowa\u0107, my\u0107. odbi\u00f3r za 2 tygodnie<\/p><p>\u00a0Talerz ma\u0142y 7 cm- 1h &#8211; cena 25 z\u0142<\/p><p>\u00a0kubki w kszta\u0142cie serca -1,15h &#8211;\u00a0 cena 52 z\u0142<\/p><p>\u00a0Fili\u017canki 1.15 h cena &#8211; 47 z\u0142<\/p><p>\u00a0<\/p><p>\u00a03. Warsztaty kreatywne :<\/p><p>Kreatywne warsztaty plastyczne w,\u00a0 kt\u00f3rych dzieci projektuj\u0105 obrazy wed\u0142ug w\u0142asnego pomys\u0142u. Obrazy\u00a0 jako samodzielne obrazy lub jako torby czy kartki okazjonalne czy zak\u0142adki\u00a0 pozostan\u0105 w\u0142asno\u015bci\u0105 tw\u00f3rc\u00f3w zaraz po zaj\u0119ciach.<\/p><p>&#8211; Tworzenie grafik w technice tuszy AURA.<\/p><p>\u00a0Prace zostan\u0105 oprawione w ramk\u0119 i stan\u0105 si\u0119 wspania\u0142\u0105 pami\u0105tk\u0105\u00a0 &#8211; 1,30 h\u00a0 &#8211; cena 60z\u0142<\/p><p>&#8211; Tworzenie grafiki w technice linorytu \u2013 zak\u0142adka, karta \u015bwi\u0105teczna itp. 2,5h -3h\u00a0 cena\u00a0 60z\u0142\u00a0<\/p><p>&#8211;\u00a0 Malowanie toreb bawe\u0142nianych &#8211; 1,15h &#8211; 50 z\u0142<\/p>\t\t\t\t\t\t\t\t<\/div>\n\t\t\t\t<\/div>\n\t\t\t\t\t<\/div>\n\t\t<\/div>\n\t\t\t\t\t<\/div>\n\t\t<\/section>\n\t\t\t\t<\/div>\n\t\t","protected":false},"excerpt":{"rendered":"<p>\/*! elementor &#8211; v3.19.0 &#8211; 29-01-2024 *\/ .elementor-heading-title{padding:0;margin:0;line-height:1}.elementor-widget-heading .elementor-heading-title[class*=elementor-size-]&gt;a{color:inherit;font-size:inherit;line-height:inherit}.elementor-widget-heading .elementor-heading-title.elementor-size-small{font-size:15px}.elementor-widget-heading .elementor-heading-title.elementor-size-medium{font-size:19px}.elementor-widget-heading .elementor-heading-title.elementor-size-large{font-size:29px}.elementor-widget-heading .elementor-heading-title.elementor-size-xl{font-size:39px}.elementor-widget-heading .elementor-heading-title.elementor-size-xxl{font-size:59px} Zaj\u0119cia dla szk\u00f3\u0142 i przedszkoli &lt; Wr\u00f3\u0107 do oferty Zaj\u0119cia\u00a0 dla szk\u00f3\u0142 i przedszkoli Chcemy zaproponowa\u0107 Pa\u0144stwu wsp\u00f3\u0142prac\u0119 w zakresie organizacji zaj\u0119\u0107 tw\u00f3rczych, w ramach lekcyjnych i poza lekcyjnych, a tak\u017ce zaj\u0119\u0107 wyjazdowych typu zielona szko\u0142a.\u00a0 Dzieci podczas warsztat\u00f3w wykonaj\u0105 prac\u0119 &hellip;<\/p>\n<p class=\"read-more\"> <a class=\"\" href=\"https:\/\/ceramikawanat.pl\/wordpress\/zajecia-dla-szkol-i-przedszkoli\/\"> <span class=\"screen-reader-text\">Zaj\u0119cia dla szk\u00f3\u0142 i przedszkoli<\/span> Read More &raquo;<\/a><\/p>\n","protected":false},"author":2,"featured_media":0,"parent":0,"menu_order":0,"comment_status":"closed","ping_status":"closed","template":"","meta":{"site-sidebar-layout":"no-sidebar","site-content-layout":"page-builder","ast-global-header-display":"","ast-banner-title-visibility":"","ast-main-header-display":"","ast-hfb-above-header-display":"","ast-hfb-below-header-display":"","ast-hfb-mobile-header-display":"","site-post-title":"disabled","ast-breadcrumbs-content":"","ast-featured-img":"disabled","footer-sml-layout":"","theme-transparent-header-meta":"","adv-header-id-meta":"","stick-header-meta":"","header-above-stick-meta":"","header-main-stick-meta":"","header-below-stick-meta":"","footnotes":""},"class_list":["post-1014","page","type-page","status-publish","hentry"],"_links":{"self":[{"href":"https:\/\/ceramikawanat.pl\/wordpress\/wp-json\/wp\/v2\/pages\/1014","targetHints":{"allow":["GET"]}}],"collection":[{"href":"https:\/\/ceramikawanat.pl\/wordpress\/wp-json\/wp\/v2\/pages"}],"about":[{"href":"https:\/\/ceramikawanat.pl\/wordpress\/wp-json\/wp\/v2\/types\/page"}],"author":[{"embeddable":true,"href":"https:\/\/ceramikawanat.pl\/wordpress\/wp-json\/wp\/v2\/users\/2"}],"replies":[{"embeddable":true,"href":"https:\/\/ceramikawanat.pl\/wordpress\/wp-json\/wp\/v2\/comments?post=1014"}],"version-history":[{"count":37,"href":"https:\/\/ceramikawanat.pl\/wordpress\/wp-json\/wp\/v2\/pages\/1014\/revisions"}],"predecessor-version":[{"id":1977,"href":"https:\/\/ceramikawanat.pl\/wordpress\/wp-json\/wp\/v2\/pages\/1014\/revisions\/1977"}],"wp:attachment":[{"href":"https:\/\/ceramikawanat.pl\/wordpress\/wp-json\/wp\/v2\/media?parent=1014"}],"curies":[{"name":"wp","href":"https:\/\/api.w.org\/{rel}","templated":true}]}}