{"id":1012,"date":"2023-04-14T21:15:45","date_gmt":"2023-04-14T19:15:45","guid":{"rendered":"https:\/\/ceramikawanat.pl\/wordpress\/?page_id=1012"},"modified":"2026-03-18T08:19:39","modified_gmt":"2026-03-18T07:19:39","slug":"urodziny-kreatywnie","status":"publish","type":"page","link":"https:\/\/ceramikawanat.pl\/wordpress\/urodziny-kreatywnie\/","title":{"rendered":"Urodziny kreatywnie"},"content":{"rendered":"\t\t<div data-elementor-type=\"wp-page\" data-elementor-id=\"1012\" class=\"elementor elementor-1012\">\n\t\t\t\t\t\t<section class=\"elementor-section elementor-top-section elementor-element elementor-element-cecc815 elementor-section-content-middle elementor-section-boxed elementor-section-height-default elementor-section-height-default\" data-id=\"cecc815\" data-element_type=\"section\" data-e-type=\"section\" data-settings=\"{&quot;background_background&quot;:&quot;classic&quot;}\">\n\t\t\t\t\t\t\t<div class=\"elementor-background-overlay\"><\/div>\n\t\t\t\t\t\t\t<div class=\"elementor-container elementor-column-gap-wide\">\n\t\t\t\t\t<div class=\"elementor-column elementor-col-100 elementor-top-column elementor-element elementor-element-bf3c740\" data-id=\"bf3c740\" data-element_type=\"column\" data-e-type=\"column\">\n\t\t\t<div class=\"elementor-widget-wrap elementor-element-populated\">\n\t\t\t\t\t\t<div class=\"elementor-element elementor-element-824c43e elementor-widget elementor-widget-heading\" data-id=\"824c43e\" data-element_type=\"widget\" data-e-type=\"widget\" data-widget_type=\"heading.default\">\n\t\t\t\t<div class=\"elementor-widget-container\">\n\t\t\t\t\t<h2 class=\"elementor-heading-title elementor-size-default\">Urodziny kreatywnie<\/h2>\t\t\t\t<\/div>\n\t\t\t\t<\/div>\n\t\t\t\t\t<\/div>\n\t\t<\/div>\n\t\t\t\t\t<\/div>\n\t\t<\/section>\n\t\t\t\t<section class=\"elementor-section elementor-top-section elementor-element elementor-element-5ae40ec elementor-section-boxed elementor-section-height-default elementor-section-height-default\" data-id=\"5ae40ec\" data-element_type=\"section\" data-e-type=\"section\">\n\t\t\t\t\t\t<div class=\"elementor-container elementor-column-gap-default\">\n\t\t\t\t\t<div class=\"elementor-column elementor-col-100 elementor-top-column elementor-element elementor-element-363a93d\" data-id=\"363a93d\" data-element_type=\"column\" data-e-type=\"column\">\n\t\t\t<div class=\"elementor-widget-wrap elementor-element-populated\">\n\t\t\t\t\t\t<div class=\"elementor-element elementor-element-a624f64 elementor-widget elementor-widget-text-editor\" data-id=\"a624f64\" data-element_type=\"widget\" data-e-type=\"widget\" data-widget_type=\"text-editor.default\">\n\t\t\t\t<div class=\"elementor-widget-container\">\n\t\t\t\t\t\t\t\t\t<p><a href=\"https:\/\/ceramikawanat.pl\/wordpress\/oferta\/\"><u>&lt; Wr\u00f3\u0107 do oferty<\/u><\/a><\/p>\t\t\t\t\t\t\t\t<\/div>\n\t\t\t\t<\/div>\n\t\t\t\t<div class=\"elementor-element elementor-element-fa89da3 elementor-widget-tablet__width-initial elementor-widget elementor-widget-text-editor\" data-id=\"fa89da3\" data-element_type=\"widget\" data-e-type=\"widget\" data-widget_type=\"text-editor.default\">\n\t\t\t\t<div class=\"elementor-widget-container\">\n\t\t\t\t\t\t\t\t\t<p>,,Tw\u00f3rcze<strong> \u015bwi\u0119towanie\u2019\u2019\u00a0 &#8211;\u00a0 URODZINY KREATYWNE<\/strong><\/p><h1 data-section-id=\"ixtqar\" data-start=\"160\" data-end=\"188\">\ud83c\udf89 URODZINY KREATYWNE \ud83c\udfa8<\/h1><h2 data-section-id=\"1obtcq3\" data-start=\"189\" data-end=\"213\">\u201eTw\u00f3rcze \u015bwi\u0119towanie\u201d<\/h2><p data-start=\"215\" data-end=\"314\">\ud83c\udf82 Szukasz wyj\u0105tkowych urodzin dla dziecka?<br data-start=\"258\" data-end=\"261\" \/>Zamiast kolejnej sali zabaw \u2013 <strong data-start=\"291\" data-end=\"314\">stw\u00f3rzmy co\u015b razem!<\/strong><\/p><hr data-start=\"316\" data-end=\"319\" \/><h2 data-section-id=\"12l3m7m\" data-start=\"321\" data-end=\"337\">\ud83c\udffa CO ROBIMY?<\/h2><p data-start=\"339\" data-end=\"428\">Dzieci tworz\u0105 w\u0142asne prace z gliny:<br data-start=\"374\" data-end=\"377\" \/>\u2714 miseczki<br data-start=\"387\" data-end=\"390\" \/>\u2714 kubeczki<br data-start=\"400\" data-end=\"403\" \/>\u2714 figurki<br data-start=\"412\" data-end=\"415\" \/>\u2714 skarbonki<\/p><p data-start=\"430\" data-end=\"496\">\u27a1\ufe0f Ka\u017cde dziecko tworzy co\u015b swojego i zabiera wspomnienie na lata.<\/p><hr data-start=\"498\" data-end=\"501\" \/><h2 data-section-id=\"yrlpgw\" data-start=\"503\" data-end=\"523\">\u2728 DLACZEGO WARTO?<\/h2><p data-start=\"525\" data-end=\"692\">\u2714 rozw\u00f3j kreatywno\u015bci i zdolno\u015bci manualnych<br data-start=\"569\" data-end=\"572\" \/>\u2714 spokojna, tw\u00f3rcza atmosfera<br data-start=\"601\" data-end=\"604\" \/>\u2714 indywidualne podej\u015bcie do dzieci<br data-start=\"638\" data-end=\"641\" \/>\u2714 co\u015b wi\u0119cej ni\u017c \u201ezabawa\u201d \u2013 prawdziwe do\u015bwiadczenie<\/p><hr data-start=\"694\" data-end=\"697\" \/><h2 data-section-id=\"1ieajav\" data-start=\"699\" data-end=\"724\">\ud83d\udd25 CO DALEJ Z PRACAMI?<\/h2><p data-start=\"726\" data-end=\"857\">\u2022 prace s\u0105 <strong data-start=\"737\" data-end=\"769\">wypalane w piecu ceramicznym<\/strong><br data-start=\"769\" data-end=\"772\" \/>\u2022 odbi\u00f3r po ok. <strong data-start=\"788\" data-end=\"804\">2 tygodniach<\/strong><br data-start=\"804\" data-end=\"807\" \/>\u2022 mo\u017cliwo\u015b\u0107 <strong data-start=\"819\" data-end=\"857\">kolorowania szkliwem (opcjonalnie)<\/strong><\/p><hr data-start=\"859\" data-end=\"862\" \/><h2 data-section-id=\"1uk56z8\" data-start=\"864\" data-end=\"881\">\ud83c\udf82 ORGANIZACJA<\/h2><p data-start=\"883\" data-end=\"993\">\u2714 warsztaty + sala w cenie pakietu<br data-start=\"917\" data-end=\"920\" \/>\u2714 mo\u017cliwo\u015b\u0107 pocz\u0119stunku lub cateringu<br data-start=\"957\" data-end=\"960\" \/>\u2714 elastyczny przebieg spotkania<\/p><p data-start=\"995\" data-end=\"1049\">\u27a1\ufe0f zaczynamy od tortu albo od warsztat\u00f3w \u2013 jak wolicie<\/p><hr data-start=\"1051\" data-end=\"1054\" \/><h2 data-section-id=\"tyrl02\" data-start=\"1056\" data-end=\"1071\">\ud83c\udfad DODATKOWO<\/h2><p data-start=\"1073\" data-end=\"1180\">Mo\u017cliwo\u015b\u0107 rozszerzenia urodzin o:<br data-start=\"1106\" data-end=\"1109\" \/>\u2022 opowie\u015bci i animacje<br data-start=\"1131\" data-end=\"1134\" \/>\u2022 warsztaty tematyczne<br data-start=\"1156\" data-end=\"1159\" \/>\u2022 zaj\u0119cia kreatywne<\/p><hr data-start=\"1182\" data-end=\"1185\" \/><h2 data-section-id=\"jrkp3t\" data-start=\"1187\" data-end=\"1202\">\ud83d\udc9b DLA KOGO?<\/h2><p data-start=\"1204\" data-end=\"1312\">Dla dzieci, kt\u00f3re:<br data-start=\"1222\" data-end=\"1225\" \/>\u2714 lubi\u0105 tworzy\u0107<br data-start=\"1240\" data-end=\"1243\" \/>\u2714 chc\u0105 spr\u00f3bowa\u0107 czego\u015b nowego<br data-start=\"1273\" data-end=\"1276\" \/>\u2714 ceni\u0105 spokojn\u0105, kreatywn\u0105 zabaw\u0119<\/p><hr data-start=\"1314\" data-end=\"1317\" \/><h4 data-section-id=\"xj29sm\" data-start=\"1319\" data-end=\"1343\">\ud83d\udccd ZAREZERWUJ TERMIN<\/h4><h4 data-start=\"1344\" data-end=\"1373\"><strong data-start=\"1344\" data-end=\"1373\">oraz wybrany pakiet : <br \/>kom.501 428 903 <\/strong><\/h4><p>\u00a0<\/p><p>\u00a0<\/p><h1 class=\"western\"><span style=\"font-size: medium\">1\ufe0f\u20e3 PAKIET URODZINOWY<\/span><strong><span style=\"font-size: medium\"><br \/><\/span><\/strong><br \/><br \/><\/h1><h1 class=\"western\"><strong> <span style=\"font-size: medium\">Ko\u0142o czasu \u2013 warsztaty garncarskie <\/span><\/strong><\/h1><p>Zapraszamy na wyj\u0105tkowe warsztaty ceramiczne, podczas kt\u00f3rych uczestnicy poznaj\u0105 podstawy pracy z glin\u0105 oraz spr\u00f3buj\u0105 swoich si\u0142 na <strong>kole garncarskim<\/strong>. To niezwyk\u0142e do\u015bwiadczenie pozwala poczu\u0107, jak z mi\u0119kkiej gliny powstaje prawdziwe naczynie.<\/p><p>Podczas zaj\u0119\u0107 dzieci tworz\u0105 w\u0142asne prace ceramiczne oraz poznaj\u0105 podstawy tradycyjnego rzemios\u0142a garncarskiego.<\/p><hr \/><h2 class=\"western\"><span style=\"font-size: medium\">W programie<\/span><\/h2><p>\ud83d\udc50 warsztaty ceramiczne przy stole<\/p><p>\u26b1 mo\u017cliwo\u015b\u0107 wykonania w\u0142asnych form, np.:<br \/>\u2022 miseczki<br \/>\u2022 kubeczka<br \/>\u2022 skarbonki<br \/>\u2022 ma\u0142ych figurek<\/p><p>\ud83c\udf00 <strong>pr\u00f3ba toczenia na kole garncarskim<\/strong> \u2013 ka\u017cdy uczestnik mo\u017ce spr\u00f3bowa\u0107 pracy na kole<\/p><p>\u23f1 <strong>czas trwania:<\/strong> oko\u0142o <strong>2,5 godziny<\/strong><br \/>(w tym czas na kr\u00f3tki pocz\u0119stunek przygotowany przez zamawiaj\u0105cego)<\/p><p>\ud83d\udc67 <strong>wiek uczestnik\u00f3w:<\/strong> od <strong>7 do 17 lat<\/strong><\/p><hr \/><h2 class=\"western\"><span style=\"font-size: medium\">Pakiet warsztatowy<\/span><\/h2><p>\ud83d\udcb0 <strong>980 z\u0142 \u2013 do 8 os\u00f3b<\/strong><\/p><p>\u2795 ka\u017cda kolejna osoba: <strong>100 z\u0142<\/strong><\/p><p><br \/><br \/><\/p><hr \/><h1 class=\"western\"><span style=\"font-size: medium\">2\ufe0f\u20e3 PAKIET URODZINOWY<\/span><\/h1><h1 class=\"western\"><span style=\"font-size: medium\">Warsztaty kreatywne \u2013 ceramika i kulinaria<\/span><\/h1><p>Zapraszamy na wyj\u0105tkowe warsztaty \u0142\u0105cz\u0105ce <strong>tw\u00f3rcz\u0105 prac\u0119 z glin\u0105 oraz do\u015bwiadczenia kulinarne inspirowane r\u00f3\u017cnymi tradycjami \u015bwiata<\/strong>.<\/p><p>W ci\u0105gu roku proponujemy dwa tematyczne cykle warsztat\u00f3w:<\/p><h3 class=\"western\"><span style=\"font-size: medium\">1. <b>Tradycja ch\u0142opskiego sto\u0142u<\/b><\/span><\/h3><p>Warsztaty inspirowane dawn\u0105 kultur\u0105 wsi i tradycyjnym piecem chlebowym.<\/p><p>W programie:<br \/>\u2022 przygotowanie i wypiekanie <strong>pizzy lub chleba w piecu chlebowym<\/strong><\/p><p><strong>Dodatkowo: <\/strong><br \/>\u2022 <strong>malowanie talerza lub innej formy ceramicznej <\/strong><strong>w technice majoliki <\/strong><strong>lub tworzenie formy od podstaw<\/strong><br \/>\u2022 opowie\u015bci o dawnych tradycjach kulinarnych i \u017cyciu na wsi<\/p><hr \/><h3 class=\"western\"><span style=\"font-size: medium\">2. Inspiracje kultur\u0105 Dalekiego Wschodu<\/span><\/h3><p>Warsztaty inspirowane estetyk\u0105 i tradycj\u0105 Japonii.<\/p><p>W programie:<br \/>\u2022 przygotowanie <strong>sushi<\/strong><br \/>\u2022 tworzenie w glinie<strong> wybranej formy ceramicznej <\/strong><strong>np.: do sushi<\/strong><br \/>\u2022 opowie\u015bci tematyczne o kulturze Dalekiego Wschodu<br \/>(np. symbole, smoki, sztuka i tradycje)<\/p><hr \/><h3 class=\"western\"><span style=\"font-size: medium\">Informacje organizacyjne<\/span><\/h3><p>\u23f1 <strong>czas trwania:<\/strong> oko\u0142o 3<strong> godziny<\/strong><\/p><p>\ud83d\udc67 <strong>wiek uczestnik\u00f3w:<\/strong> od <strong>8 lat<\/strong><\/p><p>\ud83d\udcb0 <strong>1<\/strong><strong>4<\/strong><strong>00 z\u0142 \u2013 do 8 os\u00f3b<\/strong><\/p><p>\u2795 ka\u017cda kolejna osoba: <strong>100 z\u0142<\/strong><\/p><hr \/><h3 class=\"western\"><span style=\"font-size: medium\">Opcje dodatkowe<\/span><\/h3><p>\ud83d\udd25 <strong>szkliwienie i wypa\u0142 prac ceramicznych<\/strong><br \/>30\u201350 z\u0142 \/ osoba<\/p><p>\u2714 odbi\u00f3r prac po wypale \u2013 oko\u0142o <strong>2-<\/strong><strong>3<\/strong><strong> tygodni<\/strong><\/p><p><br \/><br \/><\/p><h1 class=\"western\"><span style=\"font-size: medium\">3\ufe0f\u20e3 PAKIET URODZINOWY<\/span><\/h1><h3 class=\"western\"><span style=\"font-size: medium\">Magia \u2013 jak glina staje si\u0119 ceramik\u0105?<\/span><\/h3><p>Podczas warsztat\u00f3w uczestnicy poznaj\u0105 niezwyk\u0142\u0105 histori\u0119 przemiany gliny. Na pocz\u0105tku jest mi\u0119kka i plastyczna \u2013 mo\u017cna j\u0105 formowa\u0107, ugniata\u0107 i nadawa\u0107 jej dowolny kszta\u0142t. Jednak w piecu ceramicznym przechodzi niezwyk\u0142\u0105 metamorfoz\u0119.<\/p><p>Pod wp\u0142ywem wysokiej temperatury glina zmienia swoj\u0105 struktur\u0119 i staje si\u0119 <strong>tward\u0105, trwa\u0142\u0105 ceramik\u0105<\/strong>. Dla uczestnik\u00f3w jest to niemal magiczny moment \u2013 przedmiot, kt\u00f3ry sami stworzyli, po wypale zamienia si\u0119 w prawdziwe ceramiczne dzie\u0142o.<\/p><p>Warsztaty pokazuj\u0105, \u017ce w sztuce kryj\u0105 si\u0119 r\u00f3wnie\u017c <strong>procesy chemiczne i fizyczne<\/strong>, kt\u00f3re zmieniaj\u0105 materia\u0142 i pozwalaj\u0105 powsta\u0107 nowej formie.<\/p><hr \/><h3 class=\"western\"><span style=\"font-size: medium\">W programie<\/span><\/h3><p>\ud83d\udc50 tworzenie prac z gliny przy stole<br \/>(np. miseczki, figurki, talerzyki, skarbonki)<\/p><p>\ud83c\udfa8 dekorowanie i nadawanie indywidualnego charakteru pracy<\/p><p>\ud83d\udd25 opowie\u015b\u0107 o <strong>magicznej przemianie gliny w ceramik\u0119<\/strong> podczas wypa\u0142u<\/p><p>\u23f1 <strong>czas trwania:<\/strong> oko\u0142o 2 godziny<\/p><hr \/><h3 class=\"western\"><span style=\"font-size: medium\">Pakiet urodzinowy<\/span><\/h3><p>\ud83d\udcb0 <strong>800 z\u0142 \u2013 do 8 os\u00f3b<\/strong><\/p><p>\u2795 ka\u017cda kolejna osoba: <strong>90 z\u0142<\/strong><\/p><hr \/><h3 class=\"western\"><span style=\"font-size: medium\">Opcja dodatkowa<\/span><\/h3><p>\ud83d\udd25 szkliwienie i wypa\u0142 prac<br \/>30\u201350 z\u0142 \/ osoba<\/p><p>\u2714 odbi\u00f3r gotowych prac po oko\u0142o <strong>2 tygodniach<\/strong><\/p><p><br \/><br \/><\/p><h1 class=\"western\"><span style=\"font-size: medium\">4\ufe0f\u20e3 PAKIET URODZINOWY<\/span><\/h1><p><br \/><br \/><\/p><h3 class=\"western\"><strong>Malowanie ceramiki \u2013 wzory inspirowane stylem boles\u0142awieckim<\/strong><\/h3><p>Podczas urodzin uczestnicy poznaj\u0105 techniki zdobienia ceramiki inspirowane tradycj\u0105 boles\u0142awieck\u0105. W trakcie warsztat\u00f3w samodzielnie pomaluj\u0105 kubki lub miseczki, \u0142\u0105cz\u0105c prac\u0119 z farbami, stemplami i p\u0119dzlami.<\/p><p>\u2022 malowanie kubk\u00f3w lub miseczek<br \/>\u2022 zdobienie ceramiki z wykorzystaniem farb, stempli i p\u0119dzli<br \/>\u2022 wzory inspirowane stylem boles\u0142awieckim<br \/>\u2022 wypa\u0142 prac w szkliwie<br \/>\u2022 czas trwania: 2 godziny<\/p><p>\ud83d\udcb0 <strong>800 z\u0142 \/ do 8 os\u00f3b<\/strong><br \/>\u2022 ka\u017cda kolejna osoba: <strong>90 z\u0142<\/strong><br \/>\u2714 odbi\u00f3r prac po ok. 2 tygodniach<\/p><p><br \/><br \/><\/p><p><strong>Wyczarowane wzory <\/strong><\/p><p>\u2022 malowanie kubk\u00f3w lub miseczek<br \/>\u2022 dekorowanie ceramiki przy u\u017cyciu farb, stempli i p\u0119dzli<br \/>\u2022 poznanie techniki stempelkowej inspirowanej tradycyjn\u0105 ceramik\u0105 z Boles\u0142awca<br \/>\u2022 wypa\u0142 prac w szkliwie<\/p><p>\u23f1 <strong>czas trwania:<\/strong> 2 godziny<\/p><p>\ud83d\udcb0 <strong>800 z\u0142 \/ do 8 os\u00f3b<\/strong><br \/>\u2795 ka\u017cda kolejna osoba: <strong>90 z\u0142<\/strong><\/p><p>\u2714 <strong>odbi\u00f3r prac po ok. 2 tygodniach<\/strong><\/p><p><br \/><br \/><\/p><hr \/><h1 class=\"western\"><span style=\"font-size: medium\">5\ufe0f\u20e3 PAKIET URODZINOWY<br \/><\/span><strong><span style=\"font-size: medium\">\u201eWarsztat \u015bredniowiecznego mistrza\u201d <\/span><\/strong><\/h1><p>Podczas warsztat\u00f3w uczestnicy przenios\u0105 si\u0119 w \u015bwiat dawnych znak\u00f3w, symboli i grafik inspirowanych histori\u0105. Ka\u017cdy uczestnik zaprojektuje w\u0142asny wz\u00f3r i stworzy <strong>unikatow\u0105 torb\u0119 bawe\u0142nian\u0105<\/strong>, wykorzystuj\u0105c proste techniki graficzne oraz malarskie.<\/p><p>To po\u0142\u0105czenie <strong>kreatywnej zabawy, pracy artystycznej i odkrywania motyw\u00f3w historycznych<\/strong>, kt\u00f3re sprawia, \u017ce urodziny staj\u0105 si\u0119 wyj\u0105tkowym do\u015bwiadczeniem.<\/p><hr \/><h3 class=\"western\"><span style=\"font-size: medium\">W programie<\/span><\/h3><p>\ud83c\udfa8 projektowanie w\u0142asnego wzoru inspirowanego motywami historycznymi<\/p><p>\ud83d\udd8c malowanie <strong>bawe\u0142nianej torby<\/strong> z wykorzystaniem technik graficznych<\/p><p>\ud83d\udc5c gotow\u0105 torb\u0119 uczestnicy <strong>zabieraj\u0105 ze sob\u0105 po warsztatach<\/strong><\/p><p>\u23f1 <strong>czas trwania:<\/strong> oko\u0142o 2 godziny<\/p><hr \/><h3 class=\"western\"><span style=\"font-size: medium\">Pakiet urodzinowy<\/span><\/h3><p>\ud83d\udcb0 <strong>800 z\u0142 \u2013 do 8 os\u00f3b<\/strong><\/p><p>\u2795 ka\u017cda kolejna osoba: <strong>70 z\u0142<\/strong><\/p><p><br \/><br \/><\/p><h2 class=\"western\">\u00a0<\/h2><hr \/><h1 class=\"western\"><span style=\"font-size: medium\">4\ufe0f\u20e3 Kreatywna przygoda dla dzieci i nastolatk\u00f3w (od 9 lat)<\/span><\/h1><p>Zapraszamy na wyj\u0105tkowe urodziny w pracowni ceramicznej, podczas kt\u00f3rych uczestnicy przenios\u0105 si\u0119 do \u015bwiata zagadek, tw\u00f3rczej zabawy i pracy z glin\u0105.<\/p><p>Podczas spotkania uczestnicy wezm\u0105 udzia\u0142 w <strong>autorskiej grze escape room w pude\u0142ku \u201eSekret Mnicha\u201d<\/strong>, a nast\u0119pnie stworz\u0105 w\u0142asn\u0105 <strong>ceramiczn\u0105 gr\u0119<\/strong>, kt\u00f3r\u0105 samodzielnie zaprojektuj\u0105 i wykonaj\u0105.<\/p><p>To po\u0142\u0105czenie <strong>przygody, kreatywno\u015bci i pracy artystycznej<\/strong>, kt\u00f3re sprawia, \u017ce urodziny staj\u0105 si\u0119 niezapomnianym do\u015bwiadczeniem.<\/p><hr \/><h3 class=\"western\"><span style=\"font-size: medium\">W programie<\/span><\/h3><p>\ud83e\udde9 Autorska gra escape room w pude\u0142ku<br \/><strong>\u201eSekret Mnicha\u201d<\/strong><\/p><p>\ud83c\udfa8 Tworzenie w\u0142asnej <strong>ceramicznej gry<\/strong><\/p><p>\ud83d\udd25 <strong>Szkliwienie i wypa\u0142 prac<\/strong> w piecu ceramicznym<\/p><p>\u23f1 <strong>Czas trwania:<\/strong> oko\u0142o 2 godziny<\/p><hr \/><h3 class=\"western\"><span style=\"font-size: medium\">Pakiet urodzinowy<\/span><\/h3><p>\ud83d\udcb0 <strong>800 z\u0142 \u2013 grupa do 8 os\u00f3b<\/strong><\/p><p>\u2795 ka\u017cda kolejna osoba: <strong>90 z\u0142<\/strong><\/p><p>\ud83d\udce6 <strong>Odbi\u00f3r gotowych prac:<\/strong> po oko\u0142o <strong>2-<\/strong><strong>3<\/strong><strong> tygodniach<\/strong><br \/>(po wypale i szkliwieniu)<\/p><p><br \/><br \/><\/p><h1 class=\"western\">\ud83c\udf82 <span style=\"font-size: medium\">DODATKOWE OPCJE<\/span><\/h1><p>\u2022 <span style=\"font-size: medium\">pocz\u0119stunek (we w\u0142asnym zakresie lub catering)<br \/>\u2022 wynajem sali na pi\u0119trze dla rodzic\u00f3w \u2013 <\/span><strong><span style=\"font-size: medium\">120 z\u0142 \/ 1 h<\/span><\/strong><span style=\"font-size: medium\"><br \/>\u2022 piniata \u2013 <\/span><strong><span style=\"font-size: medium\">100 z\u0142<\/span><\/strong><span style=\"font-size: medium\"><br \/>\u2022 malowanie buziek \u2013 <\/span><strong><span style=\"font-size: medium\">150 z\u0142 \/ do 8 dzieci<\/span><\/strong><\/p><p>\u2714 <span style=\"font-size: medium\">przy wi\u0119kszych grupach mo\u017cliwy dodatkowy animator<\/span><\/p><hr \/><h1 class=\"western\">\ud83c\udfad <span style=\"font-size: medium\">CZYM S\u0104 OPOWIE\u015aCI?<\/span><\/h1><p><span style=\"font-size: medium\">To spotkania \u0142\u0105cz\u0105ce <\/span><strong><span style=\"font-size: medium\">opowiadanie historii i warsztaty tw\u00f3rcze<\/span><\/strong><span style=\"font-size: medium\">.<br \/>Ba\u015bnie i legendy z r\u00f3\u017cnych kultur \u015bwiata inspiruj\u0105 dzieci do dzia\u0142a\u0144 artystycznych.<\/span><\/p><p><span style=\"font-size: medium\">Podczas zaj\u0119\u0107 dzieci mog\u0105 m.in.:<\/span><\/p><p>\u2022 <span style=\"font-size: medium\">tworzy\u0107 chi\u0144skie smoki<br \/>\u2022 budowa\u0107 teatr cieni<br \/>\u2022 poznawa\u0107 dawne gry i ta\u0144ce<br \/>\u2022 tworzy\u0107 ceramik\u0119 inspirowan\u0105 r\u00f3\u017cnymi kulturami<\/span><\/p><p>\ud83d\udccd <span style=\"font-size: medium\">Mo\u017cliwo\u015b\u0107 rozpocz\u0119cia urodzin <\/span><strong><span style=\"font-size: medium\">pocz\u0119stunkiem lub warsztatami<\/span><\/strong><span style=\"font-size: medium\">.<br \/>\ud83d\udccd Program dostosowujemy do wieku dzieci.<\/span><\/p><p><br \/><br \/><\/p><p><br \/><br \/><\/p><hr \/>\t\t\t\t\t\t\t\t<\/div>\n\t\t\t\t<\/div>\n\t\t\t\t<div class=\"elementor-element elementor-element-67d4e13 elementor-widget elementor-widget-spacer\" data-id=\"67d4e13\" data-element_type=\"widget\" data-e-type=\"widget\" data-widget_type=\"spacer.default\">\n\t\t\t\t<div class=\"elementor-widget-container\">\n\t\t\t\t\t\t\t<div class=\"elementor-spacer\">\n\t\t\t<div class=\"elementor-spacer-inner\"><\/div>\n\t\t<\/div>\n\t\t\t\t\t\t<\/div>\n\t\t\t\t<\/div>\n\t\t\t\t\t<\/div>\n\t\t<\/div>\n\t\t\t\t\t<\/div>\n\t\t<\/section>\n\t\t\t\t<\/div>\n\t\t","protected":false},"excerpt":{"rendered":"<p>Urodziny kreatywnie &lt; Wr\u00f3\u0107 do oferty ,,Tw\u00f3rcze \u015bwi\u0119towanie\u2019\u2019\u00a0 &#8211;\u00a0 URODZINY KREATYWNE \ud83c\udf89 URODZINY KREATYWNE \ud83c\udfa8 \u201eTw\u00f3rcze \u015bwi\u0119towanie\u201d \ud83c\udf82 Szukasz wyj\u0105tkowych urodzin dla dziecka?Zamiast kolejnej sali zabaw \u2013 stw\u00f3rzmy co\u015b razem! \ud83c\udffa CO ROBIMY? Dzieci tworz\u0105 w\u0142asne prace z gliny:\u2714 miseczki\u2714 kubeczki\u2714 figurki\u2714 skarbonki \u27a1\ufe0f Ka\u017cde dziecko tworzy co\u015b swojego i zabiera wspomnienie na lata. \u2728 &hellip;<\/p>\n<p class=\"read-more\"> <a class=\"\" href=\"https:\/\/ceramikawanat.pl\/wordpress\/urodziny-kreatywnie\/\"> <span class=\"screen-reader-text\">Urodziny kreatywnie<\/span> Read More &raquo;<\/a><\/p>\n","protected":false},"author":2,"featured_media":0,"parent":0,"menu_order":0,"comment_status":"closed","ping_status":"closed","template":"","meta":{"site-sidebar-layout":"no-sidebar","site-content-layout":"page-builder","ast-global-header-display":"","ast-banner-title-visibility":"","ast-main-header-display":"","ast-hfb-above-header-display":"","ast-hfb-below-header-display":"","ast-hfb-mobile-header-display":"","site-post-title":"disabled","ast-breadcrumbs-content":"","ast-featured-img":"disabled","footer-sml-layout":"","theme-transparent-header-meta":"","adv-header-id-meta":"","stick-header-meta":"","header-above-stick-meta":"","header-main-stick-meta":"","header-below-stick-meta":"","footnotes":""},"class_list":["post-1012","page","type-page","status-publish","hentry"],"_links":{"self":[{"href":"https:\/\/ceramikawanat.pl\/wordpress\/wp-json\/wp\/v2\/pages\/1012","targetHints":{"allow":["GET"]}}],"collection":[{"href":"https:\/\/ceramikawanat.pl\/wordpress\/wp-json\/wp\/v2\/pages"}],"about":[{"href":"https:\/\/ceramikawanat.pl\/wordpress\/wp-json\/wp\/v2\/types\/page"}],"author":[{"embeddable":true,"href":"https:\/\/ceramikawanat.pl\/wordpress\/wp-json\/wp\/v2\/users\/2"}],"replies":[{"embeddable":true,"href":"https:\/\/ceramikawanat.pl\/wordpress\/wp-json\/wp\/v2\/comments?post=1012"}],"version-history":[{"count":38,"href":"https:\/\/ceramikawanat.pl\/wordpress\/wp-json\/wp\/v2\/pages\/1012\/revisions"}],"predecessor-version":[{"id":2256,"href":"https:\/\/ceramikawanat.pl\/wordpress\/wp-json\/wp\/v2\/pages\/1012\/revisions\/2256"}],"wp:attachment":[{"href":"https:\/\/ceramikawanat.pl\/wordpress\/wp-json\/wp\/v2\/media?parent=1012"}],"curies":[{"name":"wp","href":"https:\/\/api.w.org\/{rel}","templated":true}]}}